{"id":56,"date":"2016-04-27T12:14:11","date_gmt":"2016-04-27T12:14:11","guid":{"rendered":"http:\/\/www.colorrevelation.com\/?page_id=56"},"modified":"2018-05-29T17:11:22","modified_gmt":"2018-05-29T17:11:22","slug":"termos-e-condicoes","status":"publish","type":"page","link":"https:\/\/www.colorrevelation.com\/outros-paises\/termos-e-condicoes\/","title":{"rendered":"Termos e Condi\u00e7\u00f5es"},"content":{"rendered":"<p>Ao aceder ao site da CIN, o utilizador subscreve, expressamente, os termos e as condi\u00e7\u00f5es de utiliza\u00e7\u00e3o a seguir mencionadas.<\/p>\n<p>O site com o nome de dom\u00ednio www.cin.com., incluindo todas as sub-p\u00e1ginas, \u00e9 propriedade da CIN \u2013 Corpora\u00e7\u00e3o Industrial do Norte S.A., com sede na Avenida de Dom Mendo, 831, Apartado 1008, 4471-909 Maia. <\/p>\n<p>Toda a informa\u00e7\u00e3o e conte\u00fados disponibilizados no site, incluindo imagens, v\u00eddeos, textos e informa\u00e7\u00f5es, log\u00f3tipos e desenho gr\u00e1fico ou qualquer documento ali constante, s\u00e3o da propriedade industrial e intelectual da CIN ou de terceiros que autorizaram a sua inclus\u00e3o, n\u00e3o podendo ser utilizados fora das condi\u00e7\u00f5es admitidas. Excepto disposi\u00e7\u00e3o legal em contr\u00e1rio, \u00e9 expressamente proibido copiar, armazenar, reproduzir, alterar, transmitir, divulgar, comercializar ou, por qualquer outra forma, tornar acess\u00edvel a terceiros informa\u00e7\u00e3o disponibilizada atrav\u00e9s deste site, salvo se for para uso pessoal e n\u00e3o comercial. A eventual utiliza\u00e7\u00e3o de informa\u00e7\u00e3o, nomeadamente quando autorizada, dever\u00e1 sempre fazer refer\u00eancia \u00e0 fonte.<\/p>\n<p>Qualquer tentativa de altera\u00e7\u00e3o e carregamento de informa\u00e7\u00e3o, ou qualquer outra ac\u00e7\u00e3o que possa causar dano e colocar em risco o sistema, s\u00e3o estritamente proibidas e podem ser punidas de acordo com a lei em vigor.<\/p>\n<p>A CIN disponibiliza neste site informa\u00e7\u00e3o sobre a empresa procurando que a mesma seja precisa, relevante, completa e actual. No entanto, a CIN n\u00e3o pode garantir a inexist\u00eancia de erros e\/ou omiss\u00f5es e corrigir\u00e1 os mesmos logo que estes lhe sejam assinalados e\/ou deles tenha conhecimento.<br \/>\nAs informa\u00e7\u00f5es constantes deste site n\u00e3o constituem qualquer oferta ou recomenda\u00e7\u00e3o por parte da CIN, pelo que qualquer decis\u00e3o fundada nas mesmas \u00e9 da exclusiva responsabilidade do seu utilizador.<br \/>\n\u00c9 objectivo da CIN minimizar os inconvenientes causados por erros t\u00e9cnicos. Todavia, determinados dados ou informa\u00e7\u00f5es constantes deste site podem ter sido criados ou estruturados em ficheiros ou formatos n\u00e3o isentos de erros, com a consequ\u00eancia de n\u00e3o se poder garantir a n\u00e3o interrup\u00e7\u00e3o ou a n\u00e3o perturba\u00e7\u00e3o do servi\u00e7o devido a tais problemas. A CIN declina toda e qualquer responsabilidade por eventuais problemas que surjam na sequ\u00eancia da consulta deste site ou de quaisquer sites externos a ele ligados.<\/p>\n<p>O presente site rege-se pelos regulamentos internos e estatutos da CIN bem como pela Lei Portuguesa e Comunit\u00e1ria aplic\u00e1veis.<\/p>\n","protected":false},"excerpt":{"rendered":"<p>Ao aceder ao site da CIN, o utilizador subscreve, expressamente, os termos e as condi\u00e7\u00f5es de utiliza\u00e7\u00e3o a seguir mencionadas. O site com o nome de dom\u00ednio www.cin.com., incluindo todas as sub-p\u00e1ginas, \u00e9 propriedade da CIN \u2013 Corpora\u00e7\u00e3o Industrial do Norte S.A., com sede na&#8230;<\/p>\n","protected":false},"author":2,"featured_media":0,"parent":0,"menu_order":7,"comment_status":"closed","ping_status":"closed","template":"legal.php","meta":{"_acf_changed":false,"footnotes":""},"class_list":["post-56","page","type-page","status-publish","hentry"],"acf":[],"yoast_head":"<!-- This site is optimized with the Yoast SEO plugin v26.8 - https:\/\/yoast.com\/product\/yoast-seo-wordpress\/ -->\n<title>Termos e Condi\u00e7\u00f5es &#8211; Color Revelation - Outros Paises<\/title>\n<meta name=\"robots\" content=\"index, follow, max-snippet:-1, max-image-preview:large, max-video-preview:-1\" \/>\n<link rel=\"canonical\" href=\"https:\/\/www.colorrevelation.com\/outros-paises\/termos-e-condicoes\/\" \/>\n<meta property=\"og:locale\" content=\"pt_PT\" \/>\n<meta property=\"og:type\" content=\"article\" \/>\n<meta property=\"og:title\" content=\"Termos e Condi\u00e7\u00f5es &#8211; Color Revelation - Outros Paises\" \/>\n<meta property=\"og:description\" content=\"Ao aceder ao site da CIN, o utilizador subscreve, expressamente, os termos e as condi\u00e7\u00f5es de utiliza\u00e7\u00e3o a seguir mencionadas. O site com o nome de dom\u00ednio www.cin.com., incluindo todas as sub-p\u00e1ginas, \u00e9 propriedade da CIN \u2013 Corpora\u00e7\u00e3o Industrial do Norte S.A., com sede na...\" \/>\n<meta property=\"og:url\" content=\"https:\/\/www.colorrevelation.com\/outros-paises\/termos-e-condicoes\/\" \/>\n<meta property=\"og:site_name\" content=\"Color Revelation - Outros Paises\" \/>\n<meta property=\"article:modified_time\" content=\"2018-05-29T17:11:22+00:00\" \/>\n<meta name=\"twitter:card\" content=\"summary_large_image\" \/>\n<meta name=\"twitter:label1\" content=\"Est. reading time\" \/>\n\t<meta name=\"twitter:data1\" content=\"2 minutes\" \/>\n<script type=\"application\/ld+json\" class=\"yoast-schema-graph\">{\"@context\":\"https:\/\/schema.org\",\"@graph\":[{\"@type\":\"WebPage\",\"@id\":\"https:\/\/www.colorrevelation.com\/outros-paises\/termos-e-condicoes\/\",\"url\":\"https:\/\/www.colorrevelation.com\/outros-paises\/termos-e-condicoes\/\",\"name\":\"Termos e Condi\u00e7\u00f5es &#8211; Color Revelation - Outros Paises\",\"isPartOf\":{\"@id\":\"https:\/\/www.colorrevelation.com\/outros-paises\/#website\"},\"datePublished\":\"2016-04-27T12:14:11+00:00\",\"dateModified\":\"2018-05-29T17:11:22+00:00\",\"breadcrumb\":{\"@id\":\"https:\/\/www.colorrevelation.com\/outros-paises\/termos-e-condicoes\/#breadcrumb\"},\"inLanguage\":\"pt-PT\",\"potentialAction\":[{\"@type\":\"ReadAction\",\"target\":[\"https:\/\/www.colorrevelation.com\/outros-paises\/termos-e-condicoes\/\"]}]},{\"@type\":\"BreadcrumbList\",\"@id\":\"https:\/\/www.colorrevelation.com\/outros-paises\/termos-e-condicoes\/#breadcrumb\",\"itemListElement\":[{\"@type\":\"ListItem\",\"position\":1,\"name\":\"Portada\",\"item\":\"https:\/\/www.colorrevelation.com\/outros-paises\/\"},{\"@type\":\"ListItem\",\"position\":2,\"name\":\"Termos e Condi\u00e7\u00f5es\"}]},{\"@type\":\"WebSite\",\"@id\":\"https:\/\/www.colorrevelation.com\/outros-paises\/#website\",\"url\":\"https:\/\/www.colorrevelation.com\/outros-paises\/\",\"name\":\"Color Revelation - Outros Paises\",\"description\":\"Trends \",\"potentialAction\":[{\"@type\":\"SearchAction\",\"target\":{\"@type\":\"EntryPoint\",\"urlTemplate\":\"https:\/\/www.colorrevelation.com\/outros-paises\/?s={search_term_string}\"},\"query-input\":{\"@type\":\"PropertyValueSpecification\",\"valueRequired\":true,\"valueName\":\"search_term_string\"}}],\"inLanguage\":\"pt-PT\"}]}<\/script>\n<!-- \/ Yoast SEO plugin. -->","yoast_head_json":{"title":"Termos e Condi\u00e7\u00f5es &#8211; Color Revelation - Outros Paises","robots":{"index":"index","follow":"follow","max-snippet":"max-snippet:-1","max-image-preview":"max-image-preview:large","max-video-preview":"max-video-preview:-1"},"canonical":"https:\/\/www.colorrevelation.com\/outros-paises\/termos-e-condicoes\/","og_locale":"pt_PT","og_type":"article","og_title":"Termos e Condi\u00e7\u00f5es &#8211; Color Revelation - Outros Paises","og_description":"Ao aceder ao site da CIN, o utilizador subscreve, expressamente, os termos e as condi\u00e7\u00f5es de utiliza\u00e7\u00e3o a seguir mencionadas. O site com o nome de dom\u00ednio www.cin.com., incluindo todas as sub-p\u00e1ginas, \u00e9 propriedade da CIN \u2013 Corpora\u00e7\u00e3o Industrial do Norte S.A., com sede na...","og_url":"https:\/\/www.colorrevelation.com\/outros-paises\/termos-e-condicoes\/","og_site_name":"Color Revelation - Outros Paises","article_modified_time":"2018-05-29T17:11:22+00:00","twitter_card":"summary_large_image","twitter_misc":{"Est. reading time":"2 minutes"},"schema":{"@context":"https:\/\/schema.org","@graph":[{"@type":"WebPage","@id":"https:\/\/www.colorrevelation.com\/outros-paises\/termos-e-condicoes\/","url":"https:\/\/www.colorrevelation.com\/outros-paises\/termos-e-condicoes\/","name":"Termos e Condi\u00e7\u00f5es &#8211; Color Revelation - Outros Paises","isPartOf":{"@id":"https:\/\/www.colorrevelation.com\/outros-paises\/#website"},"datePublished":"2016-04-27T12:14:11+00:00","dateModified":"2018-05-29T17:11:22+00:00","breadcrumb":{"@id":"https:\/\/www.colorrevelation.com\/outros-paises\/termos-e-condicoes\/#breadcrumb"},"inLanguage":"pt-PT","potentialAction":[{"@type":"ReadAction","target":["https:\/\/www.colorrevelation.com\/outros-paises\/termos-e-condicoes\/"]}]},{"@type":"BreadcrumbList","@id":"https:\/\/www.colorrevelation.com\/outros-paises\/termos-e-condicoes\/#breadcrumb","itemListElement":[{"@type":"ListItem","position":1,"name":"Portada","item":"https:\/\/www.colorrevelation.com\/outros-paises\/"},{"@type":"ListItem","position":2,"name":"Termos e Condi\u00e7\u00f5es"}]},{"@type":"WebSite","@id":"https:\/\/www.colorrevelation.com\/outros-paises\/#website","url":"https:\/\/www.colorrevelation.com\/outros-paises\/","name":"Color Revelation - Outros Paises","description":"Trends ","potentialAction":[{"@type":"SearchAction","target":{"@type":"EntryPoint","urlTemplate":"https:\/\/www.colorrevelation.com\/outros-paises\/?s={search_term_string}"},"query-input":{"@type":"PropertyValueSpecification","valueRequired":true,"valueName":"search_term_string"}}],"inLanguage":"pt-PT"}]}},"_links":{"self":[{"href":"https:\/\/www.colorrevelation.com\/outros-paises\/wp-json\/wp\/v2\/pages\/56","targetHints":{"allow":["GET"]}}],"collection":[{"href":"https:\/\/www.colorrevelation.com\/outros-paises\/wp-json\/wp\/v2\/pages"}],"about":[{"href":"https:\/\/www.colorrevelation.com\/outros-paises\/wp-json\/wp\/v2\/types\/page"}],"author":[{"embeddable":true,"href":"https:\/\/www.colorrevelation.com\/outros-paises\/wp-json\/wp\/v2\/users\/2"}],"replies":[{"embeddable":true,"href":"https:\/\/www.colorrevelation.com\/outros-paises\/wp-json\/wp\/v2\/comments?post=56"}],"version-history":[{"count":0,"href":"https:\/\/www.colorrevelation.com\/outros-paises\/wp-json\/wp\/v2\/pages\/56\/revisions"}],"wp:attachment":[{"href":"https:\/\/www.colorrevelation.com\/outros-paises\/wp-json\/wp\/v2\/media?parent=56"}],"curies":[{"name":"wp","href":"https:\/\/api.w.org\/{rel}","templated":true}]}}