{"id":160,"date":"2016-06-09T20:34:29","date_gmt":"2016-06-09T20:34:29","guid":{"rendered":"http:\/\/www.colorrevelation.com\/?page_id=160"},"modified":"2016-08-12T09:08:21","modified_gmt":"2016-08-12T09:08:21","slug":"coloradd","status":"publish","type":"page","link":"https:\/\/www.colorrevelation.com\/outros-paises\/coloradd\/","title":{"rendered":"ColorADD"},"content":{"rendered":"<div class=\"page\" title=\"Page 5\">\n<div class=\"section\">\n<div class=\"layoutArea\">\n<div class=\"column\">\n<p><strong>A cor \u00e9 de todos<br \/>\n<\/strong>Sempre na vanguarda da cor e da inova\u00e7\u00e3o, a CIN adoptou o c\u00f3digo de cores universal para dalt\u00f3nicos, o ColorADD\u00ae. Trata-se de um c\u00f3digo gr\u00e1fico monocrom\u00e1tico que permite aos dalt\u00f3nicos identificarem as cores de forma r\u00e1pida e simples, num processo de associa\u00e7\u00e3o l\u00f3gica e de f\u00e1cil memoriza\u00e7\u00e3o. O c\u00f3digo desenvolve-se a partir das cores prim\u00e1rias (azul, vermelho e amarelo), representadas por s\u00edmbolos gr\u00e1ficos, verificando-se um consequente desdobramento destas para cores secund\u00e1rias. \u00c0s formas que identificam as tr\u00eas cores prim\u00e1rias, acrescentam-se mais duas que representam o preto e o branco. Conjugadas com as outras cores, representam o desdobramento de tons com tonalidades mais claras ou mais escuras.<\/p>\n<\/div>\n<\/div>\n<\/div>\n<\/div>\n","protected":false},"excerpt":{"rendered":"<p>A cor \u00e9 de todos Sempre na vanguarda da cor e da inova\u00e7\u00e3o, a CIN adoptou o c\u00f3digo de cores universal para dalt\u00f3nicos, o ColorADD\u00ae. Trata-se de um c\u00f3digo gr\u00e1fico monocrom\u00e1tico que permite aos dalt\u00f3nicos identificarem as cores de forma r\u00e1pida e simples, num processo&#8230;<\/p>\n","protected":false},"author":2,"featured_media":0,"parent":0,"menu_order":2,"comment_status":"closed","ping_status":"closed","template":"","meta":{"_acf_changed":false,"footnotes":""},"class_list":["post-160","page","type-page","status-publish","hentry"],"acf":[],"yoast_head":"<!-- This site is optimized with the Yoast SEO plugin v26.8 - https:\/\/yoast.com\/product\/yoast-seo-wordpress\/ -->\n<title>ColorADD &#8211; Color Revelation - Outros Paises<\/title>\n<meta name=\"robots\" content=\"index, follow, max-snippet:-1, max-image-preview:large, max-video-preview:-1\" \/>\n<link rel=\"canonical\" href=\"https:\/\/www.colorrevelation.com\/outros-paises\/coloradd\/\" \/>\n<meta property=\"og:locale\" content=\"pt_PT\" \/>\n<meta property=\"og:type\" content=\"article\" \/>\n<meta property=\"og:title\" content=\"ColorADD &#8211; Color Revelation - Outros Paises\" \/>\n<meta property=\"og:description\" content=\"A cor \u00e9 de todos Sempre na vanguarda da cor e da inova\u00e7\u00e3o, a CIN adoptou o c\u00f3digo de cores universal para dalt\u00f3nicos, o ColorADD\u00ae. Trata-se de um c\u00f3digo gr\u00e1fico monocrom\u00e1tico que permite aos dalt\u00f3nicos identificarem as cores de forma r\u00e1pida e simples, num processo...\" \/>\n<meta property=\"og:url\" content=\"https:\/\/www.colorrevelation.com\/outros-paises\/coloradd\/\" \/>\n<meta property=\"og:site_name\" content=\"Color Revelation - Outros Paises\" \/>\n<meta property=\"article:modified_time\" content=\"2016-08-12T09:08:21+00:00\" \/>\n<meta name=\"twitter:card\" content=\"summary_large_image\" \/>\n<meta name=\"twitter:label1\" content=\"Est. reading time\" \/>\n\t<meta name=\"twitter:data1\" content=\"1 minute\" \/>\n<script type=\"application\/ld+json\" class=\"yoast-schema-graph\">{\"@context\":\"https:\/\/schema.org\",\"@graph\":[{\"@type\":\"WebPage\",\"@id\":\"https:\/\/www.colorrevelation.com\/outros-paises\/coloradd\/\",\"url\":\"https:\/\/www.colorrevelation.com\/outros-paises\/coloradd\/\",\"name\":\"ColorADD &#8211; Color Revelation - Outros Paises\",\"isPartOf\":{\"@id\":\"https:\/\/www.colorrevelation.com\/outros-paises\/#website\"},\"datePublished\":\"2016-06-09T20:34:29+00:00\",\"dateModified\":\"2016-08-12T09:08:21+00:00\",\"breadcrumb\":{\"@id\":\"https:\/\/www.colorrevelation.com\/outros-paises\/coloradd\/#breadcrumb\"},\"inLanguage\":\"pt-PT\",\"potentialAction\":[{\"@type\":\"ReadAction\",\"target\":[\"https:\/\/www.colorrevelation.com\/outros-paises\/coloradd\/\"]}]},{\"@type\":\"BreadcrumbList\",\"@id\":\"https:\/\/www.colorrevelation.com\/outros-paises\/coloradd\/#breadcrumb\",\"itemListElement\":[{\"@type\":\"ListItem\",\"position\":1,\"name\":\"Portada\",\"item\":\"https:\/\/www.colorrevelation.com\/outros-paises\/\"},{\"@type\":\"ListItem\",\"position\":2,\"name\":\"ColorADD\"}]},{\"@type\":\"WebSite\",\"@id\":\"https:\/\/www.colorrevelation.com\/outros-paises\/#website\",\"url\":\"https:\/\/www.colorrevelation.com\/outros-paises\/\",\"name\":\"Color Revelation - Outros Paises\",\"description\":\"Trends \",\"potentialAction\":[{\"@type\":\"SearchAction\",\"target\":{\"@type\":\"EntryPoint\",\"urlTemplate\":\"https:\/\/www.colorrevelation.com\/outros-paises\/?s={search_term_string}\"},\"query-input\":{\"@type\":\"PropertyValueSpecification\",\"valueRequired\":true,\"valueName\":\"search_term_string\"}}],\"inLanguage\":\"pt-PT\"}]}<\/script>\n<!-- \/ Yoast SEO plugin. -->","yoast_head_json":{"title":"ColorADD &#8211; Color Revelation - Outros Paises","robots":{"index":"index","follow":"follow","max-snippet":"max-snippet:-1","max-image-preview":"max-image-preview:large","max-video-preview":"max-video-preview:-1"},"canonical":"https:\/\/www.colorrevelation.com\/outros-paises\/coloradd\/","og_locale":"pt_PT","og_type":"article","og_title":"ColorADD &#8211; Color Revelation - Outros Paises","og_description":"A cor \u00e9 de todos Sempre na vanguarda da cor e da inova\u00e7\u00e3o, a CIN adoptou o c\u00f3digo de cores universal para dalt\u00f3nicos, o ColorADD\u00ae. Trata-se de um c\u00f3digo gr\u00e1fico monocrom\u00e1tico que permite aos dalt\u00f3nicos identificarem as cores de forma r\u00e1pida e simples, num processo...","og_url":"https:\/\/www.colorrevelation.com\/outros-paises\/coloradd\/","og_site_name":"Color Revelation - Outros Paises","article_modified_time":"2016-08-12T09:08:21+00:00","twitter_card":"summary_large_image","twitter_misc":{"Est. reading time":"1 minute"},"schema":{"@context":"https:\/\/schema.org","@graph":[{"@type":"WebPage","@id":"https:\/\/www.colorrevelation.com\/outros-paises\/coloradd\/","url":"https:\/\/www.colorrevelation.com\/outros-paises\/coloradd\/","name":"ColorADD &#8211; Color Revelation - Outros Paises","isPartOf":{"@id":"https:\/\/www.colorrevelation.com\/outros-paises\/#website"},"datePublished":"2016-06-09T20:34:29+00:00","dateModified":"2016-08-12T09:08:21+00:00","breadcrumb":{"@id":"https:\/\/www.colorrevelation.com\/outros-paises\/coloradd\/#breadcrumb"},"inLanguage":"pt-PT","potentialAction":[{"@type":"ReadAction","target":["https:\/\/www.colorrevelation.com\/outros-paises\/coloradd\/"]}]},{"@type":"BreadcrumbList","@id":"https:\/\/www.colorrevelation.com\/outros-paises\/coloradd\/#breadcrumb","itemListElement":[{"@type":"ListItem","position":1,"name":"Portada","item":"https:\/\/www.colorrevelation.com\/outros-paises\/"},{"@type":"ListItem","position":2,"name":"ColorADD"}]},{"@type":"WebSite","@id":"https:\/\/www.colorrevelation.com\/outros-paises\/#website","url":"https:\/\/www.colorrevelation.com\/outros-paises\/","name":"Color Revelation - Outros Paises","description":"Trends ","potentialAction":[{"@type":"SearchAction","target":{"@type":"EntryPoint","urlTemplate":"https:\/\/www.colorrevelation.com\/outros-paises\/?s={search_term_string}"},"query-input":{"@type":"PropertyValueSpecification","valueRequired":true,"valueName":"search_term_string"}}],"inLanguage":"pt-PT"}]}},"_links":{"self":[{"href":"https:\/\/www.colorrevelation.com\/outros-paises\/wp-json\/wp\/v2\/pages\/160","targetHints":{"allow":["GET"]}}],"collection":[{"href":"https:\/\/www.colorrevelation.com\/outros-paises\/wp-json\/wp\/v2\/pages"}],"about":[{"href":"https:\/\/www.colorrevelation.com\/outros-paises\/wp-json\/wp\/v2\/types\/page"}],"author":[{"embeddable":true,"href":"https:\/\/www.colorrevelation.com\/outros-paises\/wp-json\/wp\/v2\/users\/2"}],"replies":[{"embeddable":true,"href":"https:\/\/www.colorrevelation.com\/outros-paises\/wp-json\/wp\/v2\/comments?post=160"}],"version-history":[{"count":0,"href":"https:\/\/www.colorrevelation.com\/outros-paises\/wp-json\/wp\/v2\/pages\/160\/revisions"}],"wp:attachment":[{"href":"https:\/\/www.colorrevelation.com\/outros-paises\/wp-json\/wp\/v2\/media?parent=160"}],"curies":[{"name":"wp","href":"https:\/\/api.w.org\/{rel}","templated":true}]}}