{"id":141,"date":"2016-06-08T14:56:41","date_gmt":"2016-06-08T14:56:41","guid":{"rendered":"http:\/\/www.colorrevelation.com\/?page_id=141"},"modified":"2023-01-27T11:56:49","modified_gmt":"2023-01-27T11:56:49","slug":"contacto","status":"publish","type":"page","link":"https:\/\/www.colorrevelation.com\/outros-paises\/contacto\/","title":{"rendered":"Contacto"},"content":{"rendered":"<div class=\"page\" title=\"Page 7\">\n<div class=\"section\">\n<div class=\"layoutArea\">\n<div class=\"column\">\n<p>Colocamos \u00e0 sua disposi\u00e7\u00e3o uma equipa especializada para responder a todas as suas quest\u00f5es, conforme as suas necessidades. O processamento da sua solicita\u00e7\u00e3o ser\u00e1 encaminhado e acompanhado, at\u00e9 \u00e0 sua resolu\u00e7\u00e3o final, pelo Customer Service da CIN. <strong>Pode contactar-nos preenchendo o formul\u00e1rio Online ou atrav\u00e9s do nosso n\u00famero de telefone.<\/strong><\/p>\n<\/div>\n<\/div>\n<\/div>\n<\/div>\n","protected":false},"excerpt":{"rendered":"<p>Colocamos \u00e0 sua disposi\u00e7\u00e3o uma equipa especializada para responder a todas as suas quest\u00f5es, conforme as suas necessidades. O processamento da sua solicita\u00e7\u00e3o ser\u00e1 encaminhado e acompanhado, at\u00e9 \u00e0 sua resolu\u00e7\u00e3o final, pelo Customer Service da CIN. Pode contactar-nos preenchendo o formul\u00e1rio Online ou atrav\u00e9s&#8230;<\/p>\n","protected":false},"author":2,"featured_media":0,"parent":0,"menu_order":4,"comment_status":"closed","ping_status":"closed","template":"contact.php","meta":{"_acf_changed":false,"footnotes":""},"class_list":["post-141","page","type-page","status-publish","hentry"],"acf":[],"yoast_head":"<!-- This site is optimized with the Yoast SEO plugin v26.8 - https:\/\/yoast.com\/product\/yoast-seo-wordpress\/ -->\n<title>Contacto &#8211; Color Revelation - Outros Paises<\/title>\n<meta name=\"robots\" content=\"index, follow, max-snippet:-1, max-image-preview:large, max-video-preview:-1\" \/>\n<link rel=\"canonical\" href=\"https:\/\/www.colorrevelation.com\/outros-paises\/contacto\/\" \/>\n<meta property=\"og:locale\" content=\"pt_PT\" \/>\n<meta property=\"og:type\" content=\"article\" \/>\n<meta property=\"og:title\" content=\"Contacto &#8211; Color Revelation - Outros Paises\" \/>\n<meta property=\"og:description\" content=\"Colocamos \u00e0 sua disposi\u00e7\u00e3o uma equipa especializada para responder a todas as suas quest\u00f5es, conforme as suas necessidades. O processamento da sua solicita\u00e7\u00e3o ser\u00e1 encaminhado e acompanhado, at\u00e9 \u00e0 sua resolu\u00e7\u00e3o final, pelo Customer Service da CIN. Pode contactar-nos preenchendo o formul\u00e1rio Online ou atrav\u00e9s...\" \/>\n<meta property=\"og:url\" content=\"https:\/\/www.colorrevelation.com\/outros-paises\/contacto\/\" \/>\n<meta property=\"og:site_name\" content=\"Color Revelation - Outros Paises\" \/>\n<meta property=\"article:modified_time\" content=\"2023-01-27T11:56:49+00:00\" \/>\n<meta name=\"twitter:card\" content=\"summary_large_image\" \/>\n<meta name=\"twitter:label1\" content=\"Est. reading time\" \/>\n\t<meta name=\"twitter:data1\" content=\"1 minute\" \/>\n<script type=\"application\/ld+json\" class=\"yoast-schema-graph\">{\"@context\":\"https:\/\/schema.org\",\"@graph\":[{\"@type\":\"WebPage\",\"@id\":\"https:\/\/www.colorrevelation.com\/outros-paises\/contacto\/\",\"url\":\"https:\/\/www.colorrevelation.com\/outros-paises\/contacto\/\",\"name\":\"Contacto &#8211; Color Revelation - Outros Paises\",\"isPartOf\":{\"@id\":\"https:\/\/www.colorrevelation.com\/outros-paises\/#website\"},\"datePublished\":\"2016-06-08T14:56:41+00:00\",\"dateModified\":\"2023-01-27T11:56:49+00:00\",\"breadcrumb\":{\"@id\":\"https:\/\/www.colorrevelation.com\/outros-paises\/contacto\/#breadcrumb\"},\"inLanguage\":\"pt-PT\",\"potentialAction\":[{\"@type\":\"ReadAction\",\"target\":[\"https:\/\/www.colorrevelation.com\/outros-paises\/contacto\/\"]}]},{\"@type\":\"BreadcrumbList\",\"@id\":\"https:\/\/www.colorrevelation.com\/outros-paises\/contacto\/#breadcrumb\",\"itemListElement\":[{\"@type\":\"ListItem\",\"position\":1,\"name\":\"Portada\",\"item\":\"https:\/\/www.colorrevelation.com\/outros-paises\/\"},{\"@type\":\"ListItem\",\"position\":2,\"name\":\"Contacto\"}]},{\"@type\":\"WebSite\",\"@id\":\"https:\/\/www.colorrevelation.com\/outros-paises\/#website\",\"url\":\"https:\/\/www.colorrevelation.com\/outros-paises\/\",\"name\":\"Color Revelation - Outros Paises\",\"description\":\"Trends \",\"potentialAction\":[{\"@type\":\"SearchAction\",\"target\":{\"@type\":\"EntryPoint\",\"urlTemplate\":\"https:\/\/www.colorrevelation.com\/outros-paises\/?s={search_term_string}\"},\"query-input\":{\"@type\":\"PropertyValueSpecification\",\"valueRequired\":true,\"valueName\":\"search_term_string\"}}],\"inLanguage\":\"pt-PT\"}]}<\/script>\n<!-- \/ Yoast SEO plugin. -->","yoast_head_json":{"title":"Contacto &#8211; Color Revelation - Outros Paises","robots":{"index":"index","follow":"follow","max-snippet":"max-snippet:-1","max-image-preview":"max-image-preview:large","max-video-preview":"max-video-preview:-1"},"canonical":"https:\/\/www.colorrevelation.com\/outros-paises\/contacto\/","og_locale":"pt_PT","og_type":"article","og_title":"Contacto &#8211; Color Revelation - Outros Paises","og_description":"Colocamos \u00e0 sua disposi\u00e7\u00e3o uma equipa especializada para responder a todas as suas quest\u00f5es, conforme as suas necessidades. O processamento da sua solicita\u00e7\u00e3o ser\u00e1 encaminhado e acompanhado, at\u00e9 \u00e0 sua resolu\u00e7\u00e3o final, pelo Customer Service da CIN. Pode contactar-nos preenchendo o formul\u00e1rio Online ou atrav\u00e9s...","og_url":"https:\/\/www.colorrevelation.com\/outros-paises\/contacto\/","og_site_name":"Color Revelation - Outros Paises","article_modified_time":"2023-01-27T11:56:49+00:00","twitter_card":"summary_large_image","twitter_misc":{"Est. reading time":"1 minute"},"schema":{"@context":"https:\/\/schema.org","@graph":[{"@type":"WebPage","@id":"https:\/\/www.colorrevelation.com\/outros-paises\/contacto\/","url":"https:\/\/www.colorrevelation.com\/outros-paises\/contacto\/","name":"Contacto &#8211; Color Revelation - Outros Paises","isPartOf":{"@id":"https:\/\/www.colorrevelation.com\/outros-paises\/#website"},"datePublished":"2016-06-08T14:56:41+00:00","dateModified":"2023-01-27T11:56:49+00:00","breadcrumb":{"@id":"https:\/\/www.colorrevelation.com\/outros-paises\/contacto\/#breadcrumb"},"inLanguage":"pt-PT","potentialAction":[{"@type":"ReadAction","target":["https:\/\/www.colorrevelation.com\/outros-paises\/contacto\/"]}]},{"@type":"BreadcrumbList","@id":"https:\/\/www.colorrevelation.com\/outros-paises\/contacto\/#breadcrumb","itemListElement":[{"@type":"ListItem","position":1,"name":"Portada","item":"https:\/\/www.colorrevelation.com\/outros-paises\/"},{"@type":"ListItem","position":2,"name":"Contacto"}]},{"@type":"WebSite","@id":"https:\/\/www.colorrevelation.com\/outros-paises\/#website","url":"https:\/\/www.colorrevelation.com\/outros-paises\/","name":"Color Revelation - Outros Paises","description":"Trends ","potentialAction":[{"@type":"SearchAction","target":{"@type":"EntryPoint","urlTemplate":"https:\/\/www.colorrevelation.com\/outros-paises\/?s={search_term_string}"},"query-input":{"@type":"PropertyValueSpecification","valueRequired":true,"valueName":"search_term_string"}}],"inLanguage":"pt-PT"}]}},"_links":{"self":[{"href":"https:\/\/www.colorrevelation.com\/outros-paises\/wp-json\/wp\/v2\/pages\/141","targetHints":{"allow":["GET"]}}],"collection":[{"href":"https:\/\/www.colorrevelation.com\/outros-paises\/wp-json\/wp\/v2\/pages"}],"about":[{"href":"https:\/\/www.colorrevelation.com\/outros-paises\/wp-json\/wp\/v2\/types\/page"}],"author":[{"embeddable":true,"href":"https:\/\/www.colorrevelation.com\/outros-paises\/wp-json\/wp\/v2\/users\/2"}],"replies":[{"embeddable":true,"href":"https:\/\/www.colorrevelation.com\/outros-paises\/wp-json\/wp\/v2\/comments?post=141"}],"version-history":[{"count":5,"href":"https:\/\/www.colorrevelation.com\/outros-paises\/wp-json\/wp\/v2\/pages\/141\/revisions"}],"predecessor-version":[{"id":1211,"href":"https:\/\/www.colorrevelation.com\/outros-paises\/wp-json\/wp\/v2\/pages\/141\/revisions\/1211"}],"wp:attachment":[{"href":"https:\/\/www.colorrevelation.com\/outros-paises\/wp-json\/wp\/v2\/media?parent=141"}],"curies":[{"name":"wp","href":"https:\/\/api.w.org\/{rel}","templated":true}]}}