{"id":40,"date":"2016-04-26T15:03:42","date_gmt":"2016-04-26T15:03:42","guid":{"rendered":"http:\/\/www.colorrevelation.com\/?page_id=40"},"modified":"2020-02-13T13:32:46","modified_gmt":"2020-02-13T13:32:46","slug":"color-revelation","status":"publish","type":"page","link":"https:\/\/www.colorrevelation.com\/mz\/","title":{"rendered":"Color Revelation"},"content":{"rendered":"<p>A revela\u00e7\u00e3o continua. Descubra a cor do ano e as 8 novas tonalidades entre as quatro gamas crom\u00e1ticas da colec\u00e7\u00e3o. Inspire-se, combine-as e expresse-se sem limites.<\/p>\n","protected":false},"excerpt":{"rendered":"<p>A revela\u00e7\u00e3o continua. Descubra a cor do ano e as 8 novas tonalidades entre as quatro gamas crom\u00e1ticas da colec\u00e7\u00e3o. Inspire-se, combine-as e expresse-se sem limites.<\/p>\n","protected":false},"author":2,"featured_media":0,"parent":0,"menu_order":9,"comment_status":"closed","ping_status":"closed","template":"home.php","meta":{"_acf_changed":false,"footnotes":""},"class_list":["post-40","page","type-page","status-publish","hentry"],"acf":[],"yoast_head":"<!-- This site is optimized with the Yoast SEO plugin v26.8 - https:\/\/yoast.com\/product\/yoast-seo-wordpress\/ -->\n<title>Color Revelation &#8211; Color Revelation - Mo\u00e7ambique<\/title>\n<meta name=\"robots\" content=\"index, follow, max-snippet:-1, max-image-preview:large, max-video-preview:-1\" \/>\n<link rel=\"canonical\" href=\"https:\/\/www.colorrevelation.com\/mz\/\" \/>\n<meta property=\"og:locale\" content=\"pt_PT\" \/>\n<meta property=\"og:type\" content=\"article\" \/>\n<meta property=\"og:title\" content=\"Color Revelation &#8211; Color Revelation - Mo\u00e7ambique\" \/>\n<meta property=\"og:description\" content=\"A revela\u00e7\u00e3o continua. Descubra a cor do ano e as 8 novas tonalidades entre as quatro gamas crom\u00e1ticas da colec\u00e7\u00e3o. Inspire-se, combine-as e expresse-se sem limites.\" \/>\n<meta property=\"og:url\" content=\"https:\/\/www.colorrevelation.com\/mz\/\" \/>\n<meta property=\"og:site_name\" content=\"Color Revelation - Mo\u00e7ambique\" \/>\n<meta property=\"article:modified_time\" content=\"2020-02-13T13:32:46+00:00\" \/>\n<meta name=\"twitter:card\" content=\"summary_large_image\" \/>\n<script type=\"application\/ld+json\" class=\"yoast-schema-graph\">{\"@context\":\"https:\/\/schema.org\",\"@graph\":[{\"@type\":\"WebPage\",\"@id\":\"https:\/\/www.colorrevelation.com\/mz\/\",\"url\":\"https:\/\/www.colorrevelation.com\/mz\/\",\"name\":\"Color Revelation &#8211; Color Revelation - Mo\u00e7ambique\",\"isPartOf\":{\"@id\":\"https:\/\/www.colorrevelation.com\/mz\/#website\"},\"datePublished\":\"2016-04-26T15:03:42+00:00\",\"dateModified\":\"2020-02-13T13:32:46+00:00\",\"breadcrumb\":{\"@id\":\"https:\/\/www.colorrevelation.com\/mz\/#breadcrumb\"},\"inLanguage\":\"pt-PT\",\"potentialAction\":[{\"@type\":\"ReadAction\",\"target\":[\"https:\/\/www.colorrevelation.com\/mz\/\"]}]},{\"@type\":\"BreadcrumbList\",\"@id\":\"https:\/\/www.colorrevelation.com\/mz\/#breadcrumb\",\"itemListElement\":[{\"@type\":\"ListItem\",\"position\":1,\"name\":\"Portada\",\"item\":\"https:\/\/www.colorrevelation.com\/mz\/\"},{\"@type\":\"ListItem\",\"position\":2,\"name\":\"Color Revelation\"}]},{\"@type\":\"WebSite\",\"@id\":\"https:\/\/www.colorrevelation.com\/mz\/#website\",\"url\":\"https:\/\/www.colorrevelation.com\/mz\/\",\"name\":\"Color Revelation - Mo\u00e7ambique\",\"description\":\"Trends \",\"potentialAction\":[{\"@type\":\"SearchAction\",\"target\":{\"@type\":\"EntryPoint\",\"urlTemplate\":\"https:\/\/www.colorrevelation.com\/mz\/?s={search_term_string}\"},\"query-input\":{\"@type\":\"PropertyValueSpecification\",\"valueRequired\":true,\"valueName\":\"search_term_string\"}}],\"inLanguage\":\"pt-PT\"}]}<\/script>\n<!-- \/ Yoast SEO plugin. -->","yoast_head_json":{"title":"Color Revelation &#8211; Color Revelation - Mo\u00e7ambique","robots":{"index":"index","follow":"follow","max-snippet":"max-snippet:-1","max-image-preview":"max-image-preview:large","max-video-preview":"max-video-preview:-1"},"canonical":"https:\/\/www.colorrevelation.com\/mz\/","og_locale":"pt_PT","og_type":"article","og_title":"Color Revelation &#8211; Color Revelation - Mo\u00e7ambique","og_description":"A revela\u00e7\u00e3o continua. Descubra a cor do ano e as 8 novas tonalidades entre as quatro gamas crom\u00e1ticas da colec\u00e7\u00e3o. Inspire-se, combine-as e expresse-se sem limites.","og_url":"https:\/\/www.colorrevelation.com\/mz\/","og_site_name":"Color Revelation - Mo\u00e7ambique","article_modified_time":"2020-02-13T13:32:46+00:00","twitter_card":"summary_large_image","schema":{"@context":"https:\/\/schema.org","@graph":[{"@type":"WebPage","@id":"https:\/\/www.colorrevelation.com\/mz\/","url":"https:\/\/www.colorrevelation.com\/mz\/","name":"Color Revelation &#8211; Color Revelation - Mo\u00e7ambique","isPartOf":{"@id":"https:\/\/www.colorrevelation.com\/mz\/#website"},"datePublished":"2016-04-26T15:03:42+00:00","dateModified":"2020-02-13T13:32:46+00:00","breadcrumb":{"@id":"https:\/\/www.colorrevelation.com\/mz\/#breadcrumb"},"inLanguage":"pt-PT","potentialAction":[{"@type":"ReadAction","target":["https:\/\/www.colorrevelation.com\/mz\/"]}]},{"@type":"BreadcrumbList","@id":"https:\/\/www.colorrevelation.com\/mz\/#breadcrumb","itemListElement":[{"@type":"ListItem","position":1,"name":"Portada","item":"https:\/\/www.colorrevelation.com\/mz\/"},{"@type":"ListItem","position":2,"name":"Color Revelation"}]},{"@type":"WebSite","@id":"https:\/\/www.colorrevelation.com\/mz\/#website","url":"https:\/\/www.colorrevelation.com\/mz\/","name":"Color Revelation - Mo\u00e7ambique","description":"Trends ","potentialAction":[{"@type":"SearchAction","target":{"@type":"EntryPoint","urlTemplate":"https:\/\/www.colorrevelation.com\/mz\/?s={search_term_string}"},"query-input":{"@type":"PropertyValueSpecification","valueRequired":true,"valueName":"search_term_string"}}],"inLanguage":"pt-PT"}]}},"_links":{"self":[{"href":"https:\/\/www.colorrevelation.com\/mz\/wp-json\/wp\/v2\/pages\/40","targetHints":{"allow":["GET"]}}],"collection":[{"href":"https:\/\/www.colorrevelation.com\/mz\/wp-json\/wp\/v2\/pages"}],"about":[{"href":"https:\/\/www.colorrevelation.com\/mz\/wp-json\/wp\/v2\/types\/page"}],"author":[{"embeddable":true,"href":"https:\/\/www.colorrevelation.com\/mz\/wp-json\/wp\/v2\/users\/2"}],"replies":[{"embeddable":true,"href":"https:\/\/www.colorrevelation.com\/mz\/wp-json\/wp\/v2\/comments?post=40"}],"version-history":[{"count":0,"href":"https:\/\/www.colorrevelation.com\/mz\/wp-json\/wp\/v2\/pages\/40\/revisions"}],"wp:attachment":[{"href":"https:\/\/www.colorrevelation.com\/mz\/wp-json\/wp\/v2\/media?parent=40"}],"curies":[{"name":"wp","href":"https:\/\/api.w.org\/{rel}","templated":true}]}}