{"id":54,"date":"2016-04-27T12:13:51","date_gmt":"2016-04-27T12:13:51","guid":{"rendered":"http:\/\/www.colorrevelation.com\/?page_id=54"},"modified":"2018-10-12T13:13:53","modified_gmt":"2018-10-12T13:13:53","slug":"cookies","status":"publish","type":"page","link":"https:\/\/www.colorrevelation.com\/fr\/cookies\/","title":{"rendered":"Cookies"},"content":{"rendered":"<p>Ce site Internet, comme la plupart des sites Internet, utilise des <em>cookies<\/em> afin d&#8217;am\u00e9liorer et d&#8217;optimiser votre navigation.<\/p>\n<p>Nous vous proposons ci-apr\u00e8s des informations d\u00e9taill\u00e9es sur ce que sont les <em>cookies<\/em>, sur les diff\u00e9rents types de <em>cookies<\/em>, sur ceux utilis\u00e9s par ce site Internet, sur la mani\u00e8re de les d\u00e9sactiver et de bloquer l&#8217;installation de <em>cookies<\/em> de tiers.<\/p>\n<p>En cliquant sur Accepter, vous autorisez l\u2019enregistrement des <em>cookies<\/em> de notre site Internet sur votre ordinateur ou votre appareil portable.<\/p>\n<h3>Qu&#8217;est-ce que qu&#8217;un <em>cookie<\/em> ?<\/h3>\n<p>Les <em>cookies<\/em> sont de petits fichiers au format texte que les sites Internet que vous visitez envoient vers votre navigateur. Ils permettent \u00e0 la page Internet d&#8217;obtenir des informations sur votre visite, en ne conservant que celles sur vos pr\u00e9f\u00e9rences de navigation, sans inclure les donn\u00e9es personnelles. L&#8217;installation de <em>cookies<\/em> permet au site Internet de reconna\u00eetre l&#8217;appareil d&#8217;un utilisateur lors de sa prochaine visite.<\/p>\n<p>Nous utilisons le terme <em>cookies<\/em> dans la pr\u00e9sente note sur notre politique en mati\u00e8re de <em>cookies<\/em> pour faire r\u00e9f\u00e9rence \u00e0 tout fichier qui enregistre des informations selon ce proc\u00e9d\u00e9.<\/p>\n<p>Les <em>cookies<\/em> utilis\u00e9s ne collectent pas des informations qui permettent d&#8217;identifier l&#8217;utilisateur. Les <em>cookies<\/em> traitent l&#8217;information g\u00e9n\u00e9rique, notamment la mani\u00e8re dont les utilisateurs acc\u00e8dent au site, la langue utilis\u00e9e, leurs habitudes de navigation, la zone du pays depuis laquelle ils acc\u00e8dent au site Internet, etc. Les <em>cookies<\/em> n&#8217;enregistrent que l&#8217;information li\u00e9e \u00e0 vos pr\u00e9f\u00e9rences de navigation. Depuis son navigateur, l&#8217;utilisateur peut \u00e0 tout moment demander la notification du recours aux <em>cookies<\/em> et il peut bloquer leur acc\u00e8s au syst\u00e8me.<\/p>\n<p>Le refus d&#8217;utiliser les <em>cookies<\/em> sur le site Internet peut avoir pour cons\u00e9quence d&#8217;emp\u00eacher l&#8217;acc\u00e8s \u00e0 certaines parties du site ou de recevoir des informations personnalis\u00e9es.<\/p>\n<h3>\u00c0 quoi sert un <em>cookie<\/em> ?<\/h3>\n<p>Les <em>cookies<\/em> aident \u00e0 d\u00e9terminer l&#8217;utilit\u00e9, les pr\u00e9f\u00e9rences et le nombre d&#8217;utilisations des sites Internet, en permettant ainsi une navigation plus rapide et plus efficace, tout en \u00e9vitant de saisir une nouvelle fois la m\u00eame information.<\/p>\n<h3>Quels types de <em>cookies<\/em> utilisons-nous ?<\/h3>\n<p>Nous utilisons diff\u00e9rents types de <em>cookies<\/em>, dont les fonctions sont diverses. Ces <em>cookies<\/em> sont les suivants.<\/p>\n<p><strong>a. a) <em>Cookies<\/em> d\u2019origine (essentiels)<\/strong><\/p>\n<p>Ils permettent la navigation sur le site Internet et l&#8217;utilisation de vos applications, ainsi que l&#8217;acc\u00e8s aux espaces s\u00e9curis\u00e9s du site Internet. Sans ces <em>cookies<\/em>, la prestation des services demand\u00e9s n&#8217;aurait pas lieu. Certains <em>cookies<\/em> sont essentiels pour acc\u00e9der \u00e0 des espaces sp\u00e9cifiques de notre site Internet.<\/p>\n<p><strong>b. <em>Cookies<\/em> d&#8217;analyse<\/strong><\/p>\n<p>Ces <em>cookies<\/em> sont utilis\u00e9s pour analyser la mani\u00e8re dont les utilisateurs utilisent le site Internet et pour permettre un suivi de sa fr\u00e9quentation. Ces <em>cookies<\/em> nous permettent de mieux personnaliser notre offre, d&#8217;identifier rapidement les probl\u00e8mes \u00e9ventuels et d&#8217;y apporter des solutions. Nous utilisons par exemple des <em>cookies<\/em> de rendement pour savoir quelles sont les pages les plus visit\u00e9es, quels liens entre les pages sont les plus efficaces ou pourquoi certaines pages renvoient un message d&#8217;erreur. Ces <em>cookies<\/em> sont utilis\u00e9s uniquement \u00e0 des fins d&#8217;analyse statistique et aucune information \u00e0 caract\u00e8re personnel n&#8217;est enregistr\u00e9e.<\/p>\n<p><strong>c. <em>Cookies<\/em> fonctionnels<\/strong><\/p>\n<p>Ils stockent les options que vous avez choisies sur le site Internet de sorte qu&#8217;il n&#8217;est pas utile de les reconfigurer lors de votre prochaine visite. <\/p>\n<p><strong>d. <em>Cookies<\/em> de tiers<\/strong><\/p>\n<p>Ils mesurent l&#8217;audience et l&#8217;efficacit\u00e9 de la publicit\u00e9 de tiers. Ils peuvent aussi \u00eatre utilis\u00e9s pour personnaliser un widget avec les donn\u00e9es de l&#8217;utilisateur.<\/p>\n<h3>Les <em>cookies<\/em> peuvent \u00e9galement \u00eatre des types suivants.<\/h3>\n<p><strong><em>Cookies<\/em> persistants.<\/strong> Ils sont plac\u00e9s sur votre terminal ou autre dispositif (PC, portable et tablette) pendant une dur\u00e9e d\u00e9finie et ils sont utilis\u00e9s pour acc\u00e9der de nouveau au site Internet. Ils sont g\u00e9n\u00e9ralement utilis\u00e9s pour orienter la navigation en fonction des pr\u00e9f\u00e9rences de l&#8217;utilisateur et ils permettent de proposer un service plus personnalis\u00e9.<\/p>\n<p><strong>Cookies de session.<\/strong> Ils sont temporaires et ils sont normalement supprim\u00e9s \u00e0 la fin d\u2019une session de navigation. L&#8217;information collect\u00e9e permet d&#8217;identifier les probl\u00e8mes et de permettre une navigation plus efficace.<\/p>\n<h3>Comment d\u00e9sactiver les <em>cookies<\/em> ?<\/h3>\n<p>Si l&#8217;utilisateur le souhaite, il peut cesser d&#8217;accepter les <em>cookies<\/em> et refuser les <em>cookies<\/em> d&#8217;un quelconque service donn\u00e9.<\/p>\n<p>Tous les navigateurs permettent de modifier la configuration des <em>cookies<\/em>. Ces r\u00e9glages sont g\u00e9n\u00e9ralement accessibles depuis la rubrique \u00ab Options \u00bb ou \u00ab Pr\u00e9f\u00e9rences \u00bb des principaux navigateurs.<\/p>\n<p>L&#8217;utilisateur peut \u00e0 tout moment d\u00e9sactiver l&#8217;utilisation des <em>cookies<\/em> en proc\u00e9dant comme suit :<\/p>\n<p><strong>a. En fonction du navigateur utilis\u00e9 :<\/strong><\/p>\n<p>Google Chrome: <a href=\"http:\/\/support.google.com\/chrome\/bin\/answer.py?hl=es&amp;answer=95647\" target=\"_blank\" rel=\"noopener\">http:\/\/support.google.com\/chrome\/bin\/answer.py?hl=es&amp;answer=95647<\/a><br \/>\nInternet Explorer: <a href=\"http:\/\/windows.microsoft.com\/es-es\/windows7\/how-to-manage-cookies-in-internet-explorer-9\" target=\"_blank\" rel=\"noopener\">http:\/\/windows.microsoft.com\/es-es\/windows7\/how-to-manage-cookies-in-internet-explorer-9<\/a><br \/>\nMozilla Firefox: <a href=\"http:\/\/support.mozilla.org\/es\/kb\/habilitar-y-deshabilitar-cookies-que-los-sitios-we\" target=\"_blank\" rel=\"noopener\">http:\/\/support.mozilla.org\/es\/kb\/habilitar-y-deshabilitar-cookies-que-los-sitios-we<\/a><br \/>\nApple Safari: <a href=\"http:\/\/support.apple.com\/kb\/ph5042\" target=\"_blank\" rel=\"noopener\">http:\/\/support.apple.com\/kb\/ph5042<\/a><\/p>\n<p><strong>b. Autres outils de tiers, disponibles en ligne, qui permettent aux utilisateurs de d\u00e9tecter les <em>cookies<\/em> install\u00e9s depuis les sites de tiers et de les d\u00e9sactiver.<\/strong><\/p>\n<p>Ghostery: <a href=\"http:\/\/www.ghostery.com\/privacy-statement\" target=\"_blank\" rel=\"noopener\">http:\/\/www.ghostery.com\/privacy-statement<\/a><\/p>\n<h3>Que se passe-t-il lorsque les <em>cookies<\/em> son d\u00e9sactiv\u00e9s ?<\/h3>\n<p>Certains services ou fonctionnalit\u00e9s peuvent \u00eatre d\u00e9sactiv\u00e9s ou ne pas fournir le service attendu, comme par exemple acc\u00e9der aux contenus qui n\u00e9cessitent d&#8217;\u00eatre identifi\u00e9, conserver le panier d&#8217;achat dans le cas d&#8217;un service de commerce \u00e9lectronique ou recevoir l&#8217;information qui permet de vous localiser, entre autres.<\/p>\n<p>Si vous refusez l&#8217;enregistrement des <em>cookies<\/em>, il est possible que vous ne puissiez plus acc\u00e9der \u00e0 certains contenus ou que votre navigation soit rendue vraiment difficile.<\/p>\n<h3>Garanties suppl\u00e9mentaires et retrait de votre accord<\/h3>\n<p><strong>CIN<\/strong> d\u00e9cline toute responsabilit\u00e9 pour le contenu et l&#8217;exactitude des politiques en mati\u00e8re de <em>cookies<\/em> de tiers contenues sur ce site Internet. <\/p>\n<p>En guise de garantie suppl\u00e9mentaire, l&#8217;enregistrement des <em>cookies<\/em> sur ce site Internet est subordonn\u00e9 \u00e0 l&#8217;acceptation des <em>cookies<\/em> par l&#8217;utilisateur qui acc\u00e8de au site ou qui installe ou proc\u00e8de \u00e0 la mise \u00e0 jour du navigateur utilis\u00e9. Cette acceptation peut \u00eatre r\u00e9voqu\u00e9e \u00e0 tout moment en modifiant les options de configuration disponibles et pr\u00e9sent\u00e9es dans la pr\u00e9sente note d\u00e9taill\u00e9e sur la politique en mati\u00e8re de <em>cookies<\/em>.<\/p>\n<h3>Mise \u00e0 jour de la politique en mati\u00e8re de <em>cookies<\/em><\/h3>\n<p><strong>CIN<\/strong> se r\u00e9serve le droit de modifier la pr\u00e9sente <strong>politique en mati\u00e8re de <em>cookies<\/em><\/strong> en fonction des exigences l\u00e9gales et r\u00e9glementaires ou des instructions de l&#8217;une quelconque des agences europ\u00e9ennes de protection des donn\u00e9es. Pour cette raison, chaque utilisateur est invit\u00e9 \u00e0 la consulter r\u00e9guli\u00e8rement. <\/p>\n<p>Dans le cas o\u00f9 les modifications introduites dans la pr\u00e9sente <strong>politique en mati\u00e8re de <em>cookies<\/em><\/strong> seraient importantes, les utilisateurs en seront inform\u00e9s, soit depuis le site Internet, soit par courrier \u00e9lectronique dans le cas des utilisateurs inscrits.<\/p>\n<h3>D\u00e9l\u00e9gu\u00e9 a la protection de donn\u00e9es (DPO)<\/h3>\n<p>Pour l\u2019exercice de n\u2019importe quel droit de protection de donn\u00e9es, confidentialit\u00e9 ou s\u00e9curit\u00e9 de l\u2019information ou tout autre sujet concernant les th\u00e8mes de protection de donn\u00e9es, confidentialit\u00e9 et s\u00e9curit\u00e9 de l\u2019information, les Utilisateurs, Destinataires du Service et Clients de l\u2019entreprise CIN peuvent prendre contact avec le D\u00e9l\u00e9gu\u00e9 \u00e0 la Protection de Donn\u00e9es \u00e0 travers l\u2019adresse de courrier \u00e9lectronique <a href=\"mailto:cin_dpo@cin.com\">cin_dpo@cin.com<\/a>, en d\u00e9crivant le sujet de la demande et en indiquant une adresse de courrier \u00e9lectronique, une adresse de contact t\u00e9l\u00e9phonique ou une adresse de correspondance postale pour r\u00e9ponse. <\/p>\n","protected":false},"excerpt":{"rendered":"<p>Ce site Internet, comme la plupart des sites Internet, utilise des cookies afin d&#8217;am\u00e9liorer et d&#8217;optimiser votre navigation. Nous vous proposons ci-apr\u00e8s des informations d\u00e9taill\u00e9es sur ce que sont les cookies, sur les diff\u00e9rents types de cookies, sur ceux utilis\u00e9s par ce site Internet, sur&#8230;<\/p>\n","protected":false},"author":2,"featured_media":0,"parent":0,"menu_order":8,"comment_status":"closed","ping_status":"closed","template":"legal.php","meta":{"_acf_changed":false,"footnotes":""},"class_list":["post-54","page","type-page","status-publish","hentry"],"acf":[],"yoast_head":"<!-- This site is optimized with the Yoast SEO plugin v26.8 - https:\/\/yoast.com\/product\/yoast-seo-wordpress\/ -->\n<title>Cookies &#8211; Color Revelation - Francia<\/title>\n<meta name=\"robots\" content=\"index, follow, max-snippet:-1, max-image-preview:large, max-video-preview:-1\" \/>\n<link rel=\"canonical\" href=\"https:\/\/www.colorrevelation.com\/fr\/cookies\/\" \/>\n<meta property=\"og:locale\" content=\"fr_FR\" \/>\n<meta property=\"og:type\" content=\"article\" \/>\n<meta property=\"og:title\" content=\"Cookies &#8211; Color Revelation - Francia\" \/>\n<meta property=\"og:description\" content=\"Ce site Internet, comme la plupart des sites Internet, utilise des cookies afin d&#8217;am\u00e9liorer et d&#8217;optimiser votre navigation. Nous vous proposons ci-apr\u00e8s des informations d\u00e9taill\u00e9es sur ce que sont les cookies, sur les diff\u00e9rents types de cookies, sur ceux utilis\u00e9s par ce site Internet, sur...\" \/>\n<meta property=\"og:url\" content=\"https:\/\/www.colorrevelation.com\/fr\/cookies\/\" \/>\n<meta property=\"og:site_name\" content=\"Color Revelation - Francia\" \/>\n<meta property=\"article:modified_time\" content=\"2018-10-12T13:13:53+00:00\" \/>\n<meta name=\"twitter:card\" content=\"summary_large_image\" \/>\n<meta name=\"twitter:label1\" content=\"Est. reading time\" \/>\n\t<meta name=\"twitter:data1\" content=\"6 minutes\" \/>\n<script type=\"application\/ld+json\" class=\"yoast-schema-graph\">{\"@context\":\"https:\/\/schema.org\",\"@graph\":[{\"@type\":\"WebPage\",\"@id\":\"https:\/\/www.colorrevelation.com\/fr\/cookies\/\",\"url\":\"https:\/\/www.colorrevelation.com\/fr\/cookies\/\",\"name\":\"Cookies &#8211; Color Revelation - Francia\",\"isPartOf\":{\"@id\":\"https:\/\/www.colorrevelation.com\/fr\/#website\"},\"datePublished\":\"2016-04-27T12:13:51+00:00\",\"dateModified\":\"2018-10-12T13:13:53+00:00\",\"breadcrumb\":{\"@id\":\"https:\/\/www.colorrevelation.com\/fr\/cookies\/#breadcrumb\"},\"inLanguage\":\"fr-FR\",\"potentialAction\":[{\"@type\":\"ReadAction\",\"target\":[\"https:\/\/www.colorrevelation.com\/fr\/cookies\/\"]}]},{\"@type\":\"BreadcrumbList\",\"@id\":\"https:\/\/www.colorrevelation.com\/fr\/cookies\/#breadcrumb\",\"itemListElement\":[{\"@type\":\"ListItem\",\"position\":1,\"name\":\"Portada\",\"item\":\"https:\/\/www.colorrevelation.com\/fr\/\"},{\"@type\":\"ListItem\",\"position\":2,\"name\":\"Cookies\"}]},{\"@type\":\"WebSite\",\"@id\":\"https:\/\/www.colorrevelation.com\/fr\/#website\",\"url\":\"https:\/\/www.colorrevelation.com\/fr\/\",\"name\":\"Color Revelation - Francia\",\"description\":\"Trends \",\"potentialAction\":[{\"@type\":\"SearchAction\",\"target\":{\"@type\":\"EntryPoint\",\"urlTemplate\":\"https:\/\/www.colorrevelation.com\/fr\/?s={search_term_string}\"},\"query-input\":{\"@type\":\"PropertyValueSpecification\",\"valueRequired\":true,\"valueName\":\"search_term_string\"}}],\"inLanguage\":\"fr-FR\"}]}<\/script>\n<!-- \/ Yoast SEO plugin. -->","yoast_head_json":{"title":"Cookies &#8211; Color Revelation - Francia","robots":{"index":"index","follow":"follow","max-snippet":"max-snippet:-1","max-image-preview":"max-image-preview:large","max-video-preview":"max-video-preview:-1"},"canonical":"https:\/\/www.colorrevelation.com\/fr\/cookies\/","og_locale":"fr_FR","og_type":"article","og_title":"Cookies &#8211; Color Revelation - Francia","og_description":"Ce site Internet, comme la plupart des sites Internet, utilise des cookies afin d&#8217;am\u00e9liorer et d&#8217;optimiser votre navigation. Nous vous proposons ci-apr\u00e8s des informations d\u00e9taill\u00e9es sur ce que sont les cookies, sur les diff\u00e9rents types de cookies, sur ceux utilis\u00e9s par ce site Internet, sur...","og_url":"https:\/\/www.colorrevelation.com\/fr\/cookies\/","og_site_name":"Color Revelation - Francia","article_modified_time":"2018-10-12T13:13:53+00:00","twitter_card":"summary_large_image","twitter_misc":{"Est. reading time":"6 minutes"},"schema":{"@context":"https:\/\/schema.org","@graph":[{"@type":"WebPage","@id":"https:\/\/www.colorrevelation.com\/fr\/cookies\/","url":"https:\/\/www.colorrevelation.com\/fr\/cookies\/","name":"Cookies &#8211; Color Revelation - Francia","isPartOf":{"@id":"https:\/\/www.colorrevelation.com\/fr\/#website"},"datePublished":"2016-04-27T12:13:51+00:00","dateModified":"2018-10-12T13:13:53+00:00","breadcrumb":{"@id":"https:\/\/www.colorrevelation.com\/fr\/cookies\/#breadcrumb"},"inLanguage":"fr-FR","potentialAction":[{"@type":"ReadAction","target":["https:\/\/www.colorrevelation.com\/fr\/cookies\/"]}]},{"@type":"BreadcrumbList","@id":"https:\/\/www.colorrevelation.com\/fr\/cookies\/#breadcrumb","itemListElement":[{"@type":"ListItem","position":1,"name":"Portada","item":"https:\/\/www.colorrevelation.com\/fr\/"},{"@type":"ListItem","position":2,"name":"Cookies"}]},{"@type":"WebSite","@id":"https:\/\/www.colorrevelation.com\/fr\/#website","url":"https:\/\/www.colorrevelation.com\/fr\/","name":"Color Revelation - Francia","description":"Trends ","potentialAction":[{"@type":"SearchAction","target":{"@type":"EntryPoint","urlTemplate":"https:\/\/www.colorrevelation.com\/fr\/?s={search_term_string}"},"query-input":{"@type":"PropertyValueSpecification","valueRequired":true,"valueName":"search_term_string"}}],"inLanguage":"fr-FR"}]}},"_links":{"self":[{"href":"https:\/\/www.colorrevelation.com\/fr\/wp-json\/wp\/v2\/pages\/54","targetHints":{"allow":["GET"]}}],"collection":[{"href":"https:\/\/www.colorrevelation.com\/fr\/wp-json\/wp\/v2\/pages"}],"about":[{"href":"https:\/\/www.colorrevelation.com\/fr\/wp-json\/wp\/v2\/types\/page"}],"author":[{"embeddable":true,"href":"https:\/\/www.colorrevelation.com\/fr\/wp-json\/wp\/v2\/users\/2"}],"replies":[{"embeddable":true,"href":"https:\/\/www.colorrevelation.com\/fr\/wp-json\/wp\/v2\/comments?post=54"}],"version-history":[{"count":0,"href":"https:\/\/www.colorrevelation.com\/fr\/wp-json\/wp\/v2\/pages\/54\/revisions"}],"wp:attachment":[{"href":"https:\/\/www.colorrevelation.com\/fr\/wp-json\/wp\/v2\/media?parent=54"}],"curies":[{"name":"wp","href":"https:\/\/api.w.org\/{rel}","templated":true}]}}