{"id":154,"date":"2016-06-08T22:13:11","date_gmt":"2016-06-08T22:13:11","guid":{"rendered":"http:\/\/www.colorrevelation.com\/?page_id=154"},"modified":"2020-01-05T09:44:26","modified_gmt":"2020-01-05T09:44:26","slug":"produits-cin","status":"publish","type":"page","link":"https:\/\/www.colorrevelation.com\/fr\/produits-cin\/","title":{"rendered":"Produits CIN"},"content":{"rendered":"<div class=\"page\" title=\"Page 6\">\n<div class=\"section\">\n<div class=\"layoutArea\">\n<div class=\"column\">\n<p>Les couleurs pr\u00e9sent\u00e9es peuvent \u00eatre affin\u00e9es \u00e0 l\u2019aide du syst\u00e8me Colormix 3G CIN dans les produits suivants:<\/p>\n<p><strong>Pour murs et plafonds :<\/strong><br \/>\nVinylMatt<br \/>\nVinylClean<br \/>\nVinylSoft<br \/>\nVinylSilk<br \/>\nCinacryl (mat, satin\u00e9 et brillant)<br \/>\nVinylMatt TESTiT<\/p>\n<p><strong>Pour bois et m\u00e9taux :<\/strong><br \/>\nSintecin (mat, satin\u00e9 et brillant)<br \/>\nAC-Thane (satin\u00e9)<br \/>\nCinacryl (mat, satin\u00e9 et brillant)<\/p>\n<\/div>\n<\/div>\n<\/div>\n<\/div>\n","protected":false},"excerpt":{"rendered":"<p>Les couleurs pr\u00e9sent\u00e9es peuvent \u00eatre affin\u00e9es \u00e0 l\u2019aide du syst\u00e8me Colormix 3G CIN dans les produits suivants: Pour murs et plafonds : VinylMatt VinylClean VinylSoft VinylSilk Cinacryl (mat, satin\u00e9 et brillant) VinylMatt TESTiT Pour bois et m\u00e9taux : Sintecin (mat, satin\u00e9 et brillant) AC-Thane (satin\u00e9)&#8230;<\/p>\n","protected":false},"author":2,"featured_media":0,"parent":0,"menu_order":5,"comment_status":"closed","ping_status":"closed","template":"","meta":{"_acf_changed":false,"footnotes":""},"class_list":["post-154","page","type-page","status-publish","hentry"],"acf":[],"yoast_head":"<!-- This site is optimized with the Yoast SEO plugin v26.8 - https:\/\/yoast.com\/product\/yoast-seo-wordpress\/ -->\n<title>Produits CIN &#8211; Color Revelation - Francia<\/title>\n<meta name=\"robots\" content=\"index, follow, max-snippet:-1, max-image-preview:large, max-video-preview:-1\" \/>\n<link rel=\"canonical\" href=\"https:\/\/www.colorrevelation.com\/fr\/produits-cin\/\" \/>\n<meta property=\"og:locale\" content=\"fr_FR\" \/>\n<meta property=\"og:type\" content=\"article\" \/>\n<meta property=\"og:title\" content=\"Produits CIN &#8211; Color Revelation - Francia\" \/>\n<meta property=\"og:description\" content=\"Les couleurs pr\u00e9sent\u00e9es peuvent \u00eatre affin\u00e9es \u00e0 l\u2019aide du syst\u00e8me Colormix 3G CIN dans les produits suivants: Pour murs et plafonds : VinylMatt VinylClean VinylSoft VinylSilk Cinacryl (mat, satin\u00e9 et brillant) VinylMatt TESTiT Pour bois et m\u00e9taux : Sintecin (mat, satin\u00e9 et brillant) AC-Thane (satin\u00e9)...\" \/>\n<meta property=\"og:url\" content=\"https:\/\/www.colorrevelation.com\/fr\/produits-cin\/\" \/>\n<meta property=\"og:site_name\" content=\"Color Revelation - Francia\" \/>\n<meta property=\"article:modified_time\" content=\"2020-01-05T09:44:26+00:00\" \/>\n<meta name=\"twitter:card\" content=\"summary_large_image\" \/>\n<script type=\"application\/ld+json\" class=\"yoast-schema-graph\">{\"@context\":\"https:\/\/schema.org\",\"@graph\":[{\"@type\":\"WebPage\",\"@id\":\"https:\/\/www.colorrevelation.com\/fr\/produits-cin\/\",\"url\":\"https:\/\/www.colorrevelation.com\/fr\/produits-cin\/\",\"name\":\"Produits CIN &#8211; Color Revelation - Francia\",\"isPartOf\":{\"@id\":\"https:\/\/www.colorrevelation.com\/fr\/#website\"},\"datePublished\":\"2016-06-08T22:13:11+00:00\",\"dateModified\":\"2020-01-05T09:44:26+00:00\",\"breadcrumb\":{\"@id\":\"https:\/\/www.colorrevelation.com\/fr\/produits-cin\/#breadcrumb\"},\"inLanguage\":\"fr-FR\",\"potentialAction\":[{\"@type\":\"ReadAction\",\"target\":[\"https:\/\/www.colorrevelation.com\/fr\/produits-cin\/\"]}]},{\"@type\":\"BreadcrumbList\",\"@id\":\"https:\/\/www.colorrevelation.com\/fr\/produits-cin\/#breadcrumb\",\"itemListElement\":[{\"@type\":\"ListItem\",\"position\":1,\"name\":\"Portada\",\"item\":\"https:\/\/www.colorrevelation.com\/fr\/\"},{\"@type\":\"ListItem\",\"position\":2,\"name\":\"Produits CIN\"}]},{\"@type\":\"WebSite\",\"@id\":\"https:\/\/www.colorrevelation.com\/fr\/#website\",\"url\":\"https:\/\/www.colorrevelation.com\/fr\/\",\"name\":\"Color Revelation - Francia\",\"description\":\"Trends \",\"potentialAction\":[{\"@type\":\"SearchAction\",\"target\":{\"@type\":\"EntryPoint\",\"urlTemplate\":\"https:\/\/www.colorrevelation.com\/fr\/?s={search_term_string}\"},\"query-input\":{\"@type\":\"PropertyValueSpecification\",\"valueRequired\":true,\"valueName\":\"search_term_string\"}}],\"inLanguage\":\"fr-FR\"}]}<\/script>\n<!-- \/ Yoast SEO plugin. -->","yoast_head_json":{"title":"Produits CIN &#8211; Color Revelation - Francia","robots":{"index":"index","follow":"follow","max-snippet":"max-snippet:-1","max-image-preview":"max-image-preview:large","max-video-preview":"max-video-preview:-1"},"canonical":"https:\/\/www.colorrevelation.com\/fr\/produits-cin\/","og_locale":"fr_FR","og_type":"article","og_title":"Produits CIN &#8211; Color Revelation - Francia","og_description":"Les couleurs pr\u00e9sent\u00e9es peuvent \u00eatre affin\u00e9es \u00e0 l\u2019aide du syst\u00e8me Colormix 3G CIN dans les produits suivants: Pour murs et plafonds : VinylMatt VinylClean VinylSoft VinylSilk Cinacryl (mat, satin\u00e9 et brillant) VinylMatt TESTiT Pour bois et m\u00e9taux : Sintecin (mat, satin\u00e9 et brillant) AC-Thane (satin\u00e9)...","og_url":"https:\/\/www.colorrevelation.com\/fr\/produits-cin\/","og_site_name":"Color Revelation - Francia","article_modified_time":"2020-01-05T09:44:26+00:00","twitter_card":"summary_large_image","schema":{"@context":"https:\/\/schema.org","@graph":[{"@type":"WebPage","@id":"https:\/\/www.colorrevelation.com\/fr\/produits-cin\/","url":"https:\/\/www.colorrevelation.com\/fr\/produits-cin\/","name":"Produits CIN &#8211; Color Revelation - Francia","isPartOf":{"@id":"https:\/\/www.colorrevelation.com\/fr\/#website"},"datePublished":"2016-06-08T22:13:11+00:00","dateModified":"2020-01-05T09:44:26+00:00","breadcrumb":{"@id":"https:\/\/www.colorrevelation.com\/fr\/produits-cin\/#breadcrumb"},"inLanguage":"fr-FR","potentialAction":[{"@type":"ReadAction","target":["https:\/\/www.colorrevelation.com\/fr\/produits-cin\/"]}]},{"@type":"BreadcrumbList","@id":"https:\/\/www.colorrevelation.com\/fr\/produits-cin\/#breadcrumb","itemListElement":[{"@type":"ListItem","position":1,"name":"Portada","item":"https:\/\/www.colorrevelation.com\/fr\/"},{"@type":"ListItem","position":2,"name":"Produits CIN"}]},{"@type":"WebSite","@id":"https:\/\/www.colorrevelation.com\/fr\/#website","url":"https:\/\/www.colorrevelation.com\/fr\/","name":"Color Revelation - Francia","description":"Trends ","potentialAction":[{"@type":"SearchAction","target":{"@type":"EntryPoint","urlTemplate":"https:\/\/www.colorrevelation.com\/fr\/?s={search_term_string}"},"query-input":{"@type":"PropertyValueSpecification","valueRequired":true,"valueName":"search_term_string"}}],"inLanguage":"fr-FR"}]}},"_links":{"self":[{"href":"https:\/\/www.colorrevelation.com\/fr\/wp-json\/wp\/v2\/pages\/154","targetHints":{"allow":["GET"]}}],"collection":[{"href":"https:\/\/www.colorrevelation.com\/fr\/wp-json\/wp\/v2\/pages"}],"about":[{"href":"https:\/\/www.colorrevelation.com\/fr\/wp-json\/wp\/v2\/types\/page"}],"author":[{"embeddable":true,"href":"https:\/\/www.colorrevelation.com\/fr\/wp-json\/wp\/v2\/users\/2"}],"replies":[{"embeddable":true,"href":"https:\/\/www.colorrevelation.com\/fr\/wp-json\/wp\/v2\/comments?post=154"}],"version-history":[{"count":0,"href":"https:\/\/www.colorrevelation.com\/fr\/wp-json\/wp\/v2\/pages\/154\/revisions"}],"wp:attachment":[{"href":"https:\/\/www.colorrevelation.com\/fr\/wp-json\/wp\/v2\/media?parent=154"}],"curies":[{"name":"wp","href":"https:\/\/api.w.org\/{rel}","templated":true}]}}