{"id":812,"date":"2018-05-29T13:27:56","date_gmt":"2018-05-29T13:27:56","guid":{"rendered":"http:\/\/www.colorrevelation.com\/cinvalentine\/?page_id=812"},"modified":"2018-10-11T10:38:20","modified_gmt":"2018-10-11T10:38:20","slug":"politica-de-privacidad","status":"publish","type":"page","link":"https:\/\/www.colorrevelation.com\/cinvalentine\/politica-de-privacidad\/","title":{"rendered":"Pol\u00edtica de Privacidad"},"content":{"rendered":"<p>CIN VALENTINE, S.A.U. cumple con todas las normas jur\u00eddicas comunitarias y nacionales aplicables en el \u00e1mbito de protecci\u00f3n de datos, de privacidad y de seguridad de informaci\u00f3n.<\/p>\n<p>En el marco del sistema de protecci\u00f3n de datos personales y de seguridad de la informaci\u00f3n, CIN VALENTINE, S.A.U. procura garantizar la conformidad de la normativa y la demostraci\u00f3n o evidencia de la responsabilidad institucional en materia de protecci\u00f3n de datos y seguridad de la informaci\u00f3n, aplicando todas las medidas t\u00e9cnicas y organizativas necesarias para el cumplimiento del r\u00e9gimen jur\u00eddico de protecci\u00f3n de datos vigente.<\/p>\n<p>En este marco, CIN VALENTINE, S.A.U. asume tambi\u00e9n un compromiso de secreto y confidencialidad de los datos personales de los que es responsable del tratamiento, de acuerdo con esta pol\u00edtica de protecci\u00f3n de datos y de privacidad. As\u00ed, garantiza la conformidad con todas las normas aplicables en materia de confidencialidad y secreto, exigi\u00e9ndolo tambi\u00e9n a todos sus colaboradores o proveedores, as\u00ed como la adopci\u00f3n de comportamientos y la aplicaci\u00f3n de las medidas necesarias al mismo grado de conformidad, asegurando que las personas autorizadas a tratar los datos personales han asumido un compromiso de confidencialidad o est\u00e1n sujetas a obligaciones legales de confidencialidad.<\/p>\n<h3>Definiciones<\/h3>\n<p>&nbsp;<br \/>\n<strong><em>\u00abDatos personales\u00bb<\/em><\/strong><br \/>\n\u00abDatos personales\u00bb, informaci\u00f3n relativa a una persona f\u00edsica identificada o identificable (\u00abtitular de los datos\u00bb); se considerar\u00e1 identificable una persona f\u00edsica que pueda identificarse, directa o indirectamente, en particular por referencia a un identificador. Se considerar\u00e1n identificadores personales, por ejemplo, un nombre, un n\u00famero de identificaci\u00f3n, datos de localizaci\u00f3n, identificadores por v\u00eda electr\u00f3nica o uno o m\u00e1s elementos espec\u00edficos de la identidad f\u00edsica, fisiol\u00f3gica, gen\u00e9tica, mental, econ\u00f3mica, cultural o social de dicha persona f\u00edsica.<\/p>\n<p><strong>\u00abTratamiento de datos personales\u00bb<\/strong><br \/>\n\u00abTratamiento\u00bb, una operaci\u00f3n o un conjunto de operaciones efectuadas sobre datos personales o sobre conjuntos de datos personales, por medios automatizados o no automatizados, tales como la recogida, el registro, la organizaci\u00f3n, la estructura, la conservaci\u00f3n, la adaptaci\u00f3n o la modificaci\u00f3n, la recuperaci\u00f3n, la consulta, el uso, la divulgaci\u00f3n por transmisi\u00f3n, la difusi\u00f3n o cualquier otra forma de puesta a disposici\u00f3n, la comparaci\u00f3n o la interconexi\u00f3n, la limitaci\u00f3n, la supresi\u00f3n o la destrucci\u00f3n.<\/p>\n<p><strong><em>\u00abCookies\u00bb<\/em><\/strong><br \/>\n\u00abCookies\u00bb son peque\u00f1os ficheros de texto con informaci\u00f3n que se considera relevante que los dispositivos utilizados para acceder (ordenadores, tel\u00e9fonos m\u00f3viles o dispositivos m\u00f3viles port\u00e1tiles) cargan a trav\u00e9s del navegador de Internet (navegador), cuando un sitio en l\u00ednea es visitado por el Cliente o usuario.<\/p>\n<h3>Entidad Responsable del Tratamiento<\/h3>\n<p>CIN VALENTINE, S.A.U., con sede en C\/ Riera Seca, n\u00ba1 ? Pol\u00edgono Industrial Can Milans, Montcada i Reixac, 08110, de Barcelona, Inscrita en el Registro Mercantil de Barcelona, Tomo 44576, Folio 12, Hoja B-160105, Inscripci\u00f3n 62\u00aa, con el capital social de 10.000.000 de euros, en este documento denominado CIN VALENTINE, S.A.U., es la entidad responsable de los sitios web www.valentine.es y por las aplicaciones informatizadas, denominados en lo sucesivo canales o aplicaciones, a trav\u00e9s de los cuales los Usuarios, Destinatarios del servicio o Clientes tienen acceso remoto a los servicios y productos de CIN VALENTINE, S.A.U. que son presentados, comercializados o prestados, en cualquier momento, a trav\u00e9s de los mismos.<br \/>\nLa utilizaci\u00f3n de los canales o aplicaciones por cualquier usuario, destinatario del servicio o cliente puede implicar la realizaci\u00f3n de operaciones de tratamiento de datos personales, cuya protecci\u00f3n, privacidad y seguridad por CIN VALENTINE, S.A.U., como entidad responsable de su tratamiento, est\u00e1 asegurada, de acuerdo con los de esta Pol\u00edtica de Protecci\u00f3n de Datos y de Privacidad.<\/p>\n<h3>Contactos del Responsable de Protecci\u00f3n de Datos<\/h3>\n<p>A los efectos de contactar con el encargado de Protecci\u00f3n de Datos de CIN VALENTINE, S.A.U., por favor enviar un correo electr\u00f3nico a <a href=\"mailto:dpo_privacy.es@cin.com\">dpo_privacy.es@cin.com<\/a>, describiendo el asunto de la solicitud e indicando una direcci\u00f3n de correo electr\u00f3nico, una direcci\u00f3n de contacto o una direcci\u00f3n de correo.<\/p>\n<h3>Recogida y Tratamiento de Datos Personales<\/h3>\n<p>CIN VALENTINE, S.A.U. procede al tratamiento de los datos personales estrictamente necesarios para la disponibilidad de la informaci\u00f3n y el funcionamiento de sus canales, de acuerdo con los usos realizados por los Usuarios, Destinatarios del Servicio o de los Clientes.<\/p>\n<p>Para ello, CIN VALENTINE, S.A.U. recoge tales datos personales:<br \/>\n&#8211; directamente de los Usuarios o de los Destinatarios que los suministre a efectos de registro de solicitudes u obtenci\u00f3n de informaci\u00f3n;<br \/>\n&#8211; directamente de los Clientes a efectos de la adhesi\u00f3n a dichos canales o mediante el uso de los servicios prestados por CIN VALENTINE, S.A.U., como los accesos, consultas, instrucciones, transacciones y otros registros relativos a su utilizaci\u00f3n.<\/p>\n<p>En particular, el uso o la activaci\u00f3n de determinadas funcionalidades de los canales pueden implicar el tratamiento de varios identificadores personales directos o indirectos, tales como el nombre, la direcci\u00f3n de residencia, los contactos, las direcciones de los dispositivos o la ubicaci\u00f3n geogr\u00e1fica, siempre que haya para ello el expreso consentimiento del Usuario, Destinatario del Servicio o del Cliente.<\/p>\n<p>Los datos personales recogidos por CIN VALENTINE, S.A.U. se tratan electr\u00f3nicamente, en determinados casos de forma automatizada, incluyendo el procesamiento de archivos o la definici\u00f3n de perfiles y en el marco de la gesti\u00f3n de las relaciones precontractuales, contractuales o post contractuales con los Usuarios, Destinatarios del Servicio o los Clientes, de conformidad con las normas nacionales y comunitarias vigentes.<\/p>\n<h3>Categor\u00edas de los Datos Personales Tratados<\/h3>\n<p>Las categor\u00edas o tipos de datos personales objeto de tratamiento podr\u00e1n ser, entre otros que se muestren necesarios y sean leg\u00edtimamente recogidos, los siguientes: nombre completo, n\u00famero de DNI\/NIF, estado civil, sexo, fecha de nacimiento, nacionalidad, direcci\u00f3n (s), localidad (es), c\u00f3digo (s) postal (es), pa\u00eds, indicativo del pa\u00eds, contactos telef\u00f3nicos, direcciones electr\u00f3nicas, nombre de la empresa en la que trabaja, etc.<\/p>\n<p>En todos los casos, los Usuarios, Destinatarios del Servicio o Clientes ser\u00e1n siempre informados de la necesidad de recoger esos datos para acceder a las funcionalidades de los canales en cuesti\u00f3n.<\/p>\n<h3>Principios Jur\u00eddicos<\/h3>\n<p>Todas las operaciones de tratamiento de datos cumplen con los principios jur\u00eddicos fundamentales en materia de protecci\u00f3n de datos y privacidad, en particular en cuanto a su circulaci\u00f3n, licitud, lealtad, transparencia, finalidad, minimizaci\u00f3n, conservaci\u00f3n, exactitud, integridad y confidencialidad, estando CIN VALENTINE, S.A.U. disponible para demostrar su responsabilidad ante el titular de los datos o cualquier otra tercera entidad que tenga un inter\u00e9s leg\u00edtimo en esta materia.<\/p>\n<h3>Fundamentos de Legitimidad<\/h3>\n<p>Todas las operaciones de tratamiento de datos realizadas por CIN VALENTINE, S.A.U. tienen un fundamento de legitimidad, en particular, el consentimiento del titular, la necesidad de ejecutar un contrato o de diligencias precontractuales con el titular de los datos, as\u00ed como la necesidad de cumplir una obligaci\u00f3n legal o de los intereses leg\u00edtimos perseguidos por CIN VALENTINE, S.A.U. o por terceros.<\/p>\n<h3>Finalidad del Tratamiento<\/h3>\n<p>odos los datos personales tratados en el marco de los canales de CIN VALENTINE, S.A.U. se destinan exclusivamente a la disponibilidad de informaci\u00f3n a los Usuarios, a la gesti\u00f3n de la informaci\u00f3n personal de los Destinatarios del Servicio que se considera necesaria para la gesti\u00f3n de la relaci\u00f3n o comunicaci\u00f3n, as\u00ed como a la prestaci\u00f3n de los servicios contratados por los Clientes y, en general, a la gesti\u00f3n de las relaciones precontractuales, contractuales o post-contractuales con los Usuarios o con los Clientes.<\/p>\n<p>Los datos personales recogidos podr\u00e1n, a\u00fan y eventualmente, ser objeto de tratamiento con fines estad\u00edsticos, para acciones de divulgaci\u00f3n de informaci\u00f3n o promocionales y para acciones comerciales o de marketing, en particular para promover acciones de divulgaci\u00f3n de nuevas funcionalidades o nuevos productos y servicios, a trav\u00e9s de comunicaci\u00f3n directa, por correspondencia, por correo electr\u00f3nico, mensajes o llamadas telef\u00f3nicas o cualquier otro servicio de comunicaciones.<\/p>\n<p>Siempre que se garantice la previa informaci\u00f3n y la recogida de la autorizaci\u00f3n expresa para estas \u00faltimas finalidades, los Usuarios o Clientes pueden, en cualquier momento, ejercer su derecho de oponerse a la utilizaci\u00f3n de sus datos personales para otras finalidades que extrapolen la gesti\u00f3n de las relaciones contractuales, en particular para fines de marketing, para el env\u00edo de comunicaciones informativas o para la inclusi\u00f3n en listas o servicios informativos, debiendo, para ello, enviar una solicitud escrita dirigida al encargado de protecci\u00f3n de datos de CIN VALENTINE, S.A.U., de acuerdo con los siguientes procedimientos.<\/p>\n<h3>Plazos de Conservaci\u00f3n de Datos<\/h3>\n<p>Los datos personales se conservar\u00e1n \u00fanicamente durante el per\u00edodo necesario para los fines que hayan motivado su recogida o su posterior tratamiento, garantizando el cumplimiento de todas las normas jur\u00eddicas aplicables en materia de archivo.<\/p>\n<h3>Utilizaci\u00f3n de Cookies<\/h3>\n<p>CIN VALENTINE, S.A.U. utiliza cookies en sus sitios web de acuerdo con la Pol\u00edtica de Cookies disponible para consulta en <a href=\"http:\/\/www.valentine.es\/\" rel=\"noopener\" target=\"_blank\">www.valentine.es<\/a>.<\/p>\n<h3>Comunicaci\u00f3n de Datos a Otras Entidades<\/h3>\n<p>La disponibilidad de informaci\u00f3n o la prestaci\u00f3n de los servicios por CIN VALENTINE, S.A.U. a sus Usuarios, Destinatarios del Servicio o Clientes a trav\u00e9s de los canales puede eventualmente implicar el recurso a servicios de terceras entidades subcontratadas, incluyendo entidades con sede fuera de la Uni\u00f3n Europea, para la prestaci\u00f3n de determinados servicios, pudiendo implicar el acceso, por estas entidades, a datos personales de los Usuarios, Destinatarios del Servicio o de los Clientes.<\/p>\n<p>En estas circunstancias y siempre que sea necesario, CIN VALENTINE, S.A.U. s\u00f3lo recurrir\u00e1 a entidades subcontratadas que presenten garant\u00edas suficientes de ejecuci\u00f3n de medidas t\u00e9cnicas y organizativas adecuadas para que el tratamiento cumpla los requisitos de las normas aplicables, quedando dichas garant\u00edas formalizadas en un contrato firmado entre CIN VALENTINE, S.A.U. y cada una de esas terceras entidades.<\/p>\n<h3>Destinatarios de Datos<\/h3>\n<p>Salvo en el marco del cumplimiento de obligaciones legales, en ning\u00fan caso habr\u00e1 comunicaci\u00f3n de datos personales de Usuarios, Destinatarios del Servicio o Clientes a terceras entidades que no sean entidades subcontratadas o destinatarios leg\u00edtimos, no siendo realizada, cualquier otra comunicaci\u00f3n para otras finalidades diferentes de las citadas.<\/p>\n<h3>Transferencias Internacionales de Datos<\/h3>\n<p>Cualquier transferencia de datos personales a un tercer pa\u00eds o una organizaci\u00f3n internacional s\u00f3lo se realizar\u00e1 en el marco del cumplimiento de las obligaciones legales o garantizadas que sea la conformidad con las normas jur\u00eddicas comunitarias y nacionales aplicables en la materia.<\/p>\n<h3>Medidas de Seguridad<\/h3>\n<p>eniendo en cuenta las t\u00e9cnicas m\u00e1s avanzadas, los costos de aplicaci\u00f3n y la naturaleza, el alcance, el contexto, las finalidades del tratamiento, as\u00ed como los riesgos, de probabilidad y gravedad variable, para los Usuarios, Destinatarios del Servicio o Clientes, CIN VALENTINE, S.A.U. y todas las entidades que sean sus subcontratadas aplican las medidas t\u00e9cnicas y organizativas adecuadas para garantizar un nivel de seguridad adecuado al riesgo.<\/p>\n<p>A tal efecto, se adoptan diversas medidas de seguridad para proteger los datos personales contra su difusi\u00f3n, p\u00e9rdida, uso indebido, alteraci\u00f3n, tratamiento o acceso no autorizado, as\u00ed como contra cualquier otra forma de tratamiento il\u00edcito.<\/p>\n<p>Es responsabilidad exclusiva de los Usuarios, Destinatarios del Servicio o de los Clientes guardar secreto de los c\u00f3digos de acceso, no comparti\u00e9ndolos con terceros, debiendo, en el caso particular de las aplicaciones inform\u00e1ticas utilizadas para acceder a los canales, mantener y conservar los dispositivos de acceso en condiciones de seguridad y seguir las pr\u00e1cticas de seguridad aconsejadas por los fabricantes y\/o los operadores, en particular en cuanto a la instalaci\u00f3n y actualizaci\u00f3n de las necesarias aplicaciones de seguridad, tales como, entre otras, aplicaciones de antivirus.<\/p>\n<p>Al verificar la necesidad de subcontrataci\u00f3n de servicios a terceras partes que puedan tener acceso a los datos personales de los Usuarios, Destinatarios del Servicio o Clientes, los subcontratados de CIN VALENTINE, S.A.U. estar\u00e1n obligados a adoptar las medidas y los protocolos de seguridad a nivel de la organizaci\u00f3n y las medidas de car\u00e1cter t\u00e9cnico necesarios para la protecci\u00f3n de la confidencialidad y la seguridad de los datos personales, as\u00ed como para prevenir accesos no autorizados, p\u00e9rdidas o la destrucci\u00f3n de datos personales.<\/p>\n<h3>Ejercicio de los Derechos de los Titulares de Dados Personales<\/h3>\n<p>Los Usuarios, Destinatarios del Servicio y los Clientes de CIN VALENTINE, S.A.U. pueden, como titulares de datos personales, en cualquier momento, proceder al ejercicio de sus derechos de protecci\u00f3n de datos y de privacidad, en particular de los derechos de acceso, rectificaci\u00f3n, supresi\u00f3n, portabilidad, limitaci\u00f3n u oposici\u00f3n al tratamiento, en los t\u00e9rminos y con las limitaciones previstas en las normas aplicables.<\/p>\n<p>Cualquier solicitud de ejercicio de derechos de protecci\u00f3n de datos y de privacidad debe dirigirse por escrito a su titular para el encargado de protecci\u00f3n de datos, de acuerdo con el procedimiento y contacto descrito a continuaci\u00f3n.<\/p>\n<h3>Reclamaciones o Sugerencias y Comunicaci\u00f3n de Incidentes<\/h3>\n<p>Los Usuarios, Destinatarios del Servicio y los Clientes de CIN VALENTINE, S.A.U. tienen el derecho de presentar una reclamaci\u00f3n, bien mediante el registro de la reclamaci\u00f3n en el Libro de Reclamaciones, bien mediante la presentaci\u00f3n de reclamaci\u00f3n a las autoridades reguladoras, as\u00ed como proceder a la realizaci\u00f3n de sugerencias a trav\u00e9s de correo electr\u00f3nico enviado al encargado de protecci\u00f3n de datos.<\/p>\n<h3>Comunicaci\u00f3n de Incidentes<\/h3>\n<p>CIN VALENTINE, S.A.U. ha implementado un sistema de gesti\u00f3n de incidentes en el \u00e1mbito de la protecci\u00f3n de datos, la privacidad y la seguridad de la informaci\u00f3n.<\/p>\n<p>En caso de que alg\u00fan Usuario, Destinatarios del Servicio o Cliente desee comunicar la ocurrencia de cualquier situaci\u00f3n de violaci\u00f3n de datos personales, que provoque, de manera accidental o il\u00edcita, la destrucci\u00f3n, la p\u00e9rdida, la alteraci\u00f3n, la divulgaci\u00f3n o el acceso, no autorizados, a datos personales transmitidos, conservados o sujetos a cualquier otro tipo de tratamiento, puede ponerse en contacto con el encargado de protecci\u00f3n de datos.<\/p>\n<h3>Cambio de la Pol\u00edtica de Privacidad<\/h3>\n<p>Con el fin de garantizar su actualizaci\u00f3n, desarrollo y mejora continua, CIN VALENTINE, S.A.U. podr\u00e1, en cualquier momento, proceder a las modificaciones, que sean consideradas adecuadas o necesarias, a esta Pol\u00edtica de Protecci\u00f3n de Datos y Privacidad, estando asegurada su publicaci\u00f3n en los diferentes canales para garantizar su transparencia e informaci\u00f3n a los Usuarios, Destinatarios del Servicio y Clientes.<\/p>\n<h3>Consentimiento Expreso y Aceptaci\u00f3n<\/h3>\n<p>Los t\u00e9rminos de la Pol\u00edtica de Protecci\u00f3n de Datos y de Privacidad son complementarios de los t\u00e9rminos y disposiciones, en materia de datos personales, previstas en las Condiciones Generales de Uso de los canales de CIN VALENTINE, S.A.U.<\/p>\n<p>La disponibilidad libre, espec\u00edfica e informada de los datos personales por el respectivo titular implica el conocimiento y aceptaci\u00f3n de esta Pol\u00edtica y corrobora una autorizaci\u00f3n expresa para su tratamiento, de acuerdo con las reglas definidas.<\/p>\n<h3>Encargado de Protecci\u00f3n de Datos<\/h3>\n<p>Para el ejercicio de cualquier tipo de derechos de protecci\u00f3n de datos, privacidad o seguridad de la informaci\u00f3n o cualquier asunto referente a los temas de protecci\u00f3n de datos, privacidad y seguridad de la informaci\u00f3n, los Usuarios, Destinatarios del Servicio y Clientes de CIN VALENTINE, S.A.U. pueden contactar con el Encargado de Protecci\u00f3n de Datos a trav\u00e9s del correo electr\u00f3nico <a href=\"mailto:dpo_privacy.es@cin.com\">dpo_privacy.es@cin.com<\/a>, describiendo el asunto de la solicitud e indicando una direcci\u00f3n de correo electr\u00f3nico, un contacto telef\u00f3nico o una direcci\u00f3n de correspondencia para respuesta.<\/p>\n","protected":false},"excerpt":{"rendered":"<p>CIN VALENTINE, S.A.U. cumple con todas las normas jur\u00eddicas comunitarias y nacionales aplicables en el \u00e1mbito de protecci\u00f3n de datos, de privacidad y de seguridad de informaci\u00f3n. En el marco del sistema de protecci\u00f3n de datos personales y de seguridad de la informaci\u00f3n, CIN VALENTINE,&#8230;<\/p>\n","protected":false},"author":1,"featured_media":0,"parent":0,"menu_order":0,"comment_status":"closed","ping_status":"closed","template":"legal.php","meta":{"_acf_changed":false,"footnotes":""},"class_list":["post-812","page","type-page","status-publish","hentry"],"acf":[],"yoast_head":"<!-- This site is optimized with the Yoast SEO plugin v26.8 - https:\/\/yoast.com\/product\/yoast-seo-wordpress\/ -->\n<title>Pol\u00edtica de Privacidad &#8211; Color Revelation \u2013 Espa\u00f1a \/ Pen\u00ednsula<\/title>\n<meta name=\"robots\" content=\"index, follow, max-snippet:-1, max-image-preview:large, max-video-preview:-1\" \/>\n<link rel=\"canonical\" href=\"https:\/\/www.colorrevelation.com\/cinvalentine\/politica-de-privacidad\/\" \/>\n<meta property=\"og:locale\" content=\"es_ES\" \/>\n<meta property=\"og:type\" content=\"article\" \/>\n<meta property=\"og:title\" content=\"Pol\u00edtica de Privacidad &#8211; Color Revelation \u2013 Espa\u00f1a \/ Pen\u00ednsula\" \/>\n<meta property=\"og:description\" content=\"CIN VALENTINE, S.A.U. cumple con todas las normas jur\u00eddicas comunitarias y nacionales aplicables en el \u00e1mbito de protecci\u00f3n de datos, de privacidad y de seguridad de informaci\u00f3n. En el marco del sistema de protecci\u00f3n de datos personales y de seguridad de la informaci\u00f3n, CIN VALENTINE,...\" \/>\n<meta property=\"og:url\" content=\"https:\/\/www.colorrevelation.com\/cinvalentine\/politica-de-privacidad\/\" \/>\n<meta property=\"og:site_name\" content=\"Color Revelation \u2013 Espa\u00f1a \/ Pen\u00ednsula\" \/>\n<meta property=\"article:modified_time\" content=\"2018-10-11T10:38:20+00:00\" \/>\n<meta name=\"twitter:card\" content=\"summary_large_image\" \/>\n<meta name=\"twitter:label1\" content=\"Tiempo de lectura\" \/>\n\t<meta name=\"twitter:data1\" content=\"14 minutos\" \/>\n<script type=\"application\/ld+json\" class=\"yoast-schema-graph\">{\"@context\":\"https:\/\/schema.org\",\"@graph\":[{\"@type\":\"WebPage\",\"@id\":\"https:\/\/www.colorrevelation.com\/cinvalentine\/politica-de-privacidad\/\",\"url\":\"https:\/\/www.colorrevelation.com\/cinvalentine\/politica-de-privacidad\/\",\"name\":\"Pol\u00edtica de Privacidad &#8211; Color Revelation \u2013 Espa\u00f1a \/ Pen\u00ednsula\",\"isPartOf\":{\"@id\":\"https:\/\/www.colorrevelation.com\/cinvalentine\/#website\"},\"datePublished\":\"2018-05-29T13:27:56+00:00\",\"dateModified\":\"2018-10-11T10:38:20+00:00\",\"breadcrumb\":{\"@id\":\"https:\/\/www.colorrevelation.com\/cinvalentine\/politica-de-privacidad\/#breadcrumb\"},\"inLanguage\":\"es\",\"potentialAction\":[{\"@type\":\"ReadAction\",\"target\":[\"https:\/\/www.colorrevelation.com\/cinvalentine\/politica-de-privacidad\/\"]}]},{\"@type\":\"BreadcrumbList\",\"@id\":\"https:\/\/www.colorrevelation.com\/cinvalentine\/politica-de-privacidad\/#breadcrumb\",\"itemListElement\":[{\"@type\":\"ListItem\",\"position\":1,\"name\":\"Portada\",\"item\":\"https:\/\/www.colorrevelation.com\/cinvalentine\/\"},{\"@type\":\"ListItem\",\"position\":2,\"name\":\"Pol\u00edtica de Privacidad\"}]},{\"@type\":\"WebSite\",\"@id\":\"https:\/\/www.colorrevelation.com\/cinvalentine\/#website\",\"url\":\"https:\/\/www.colorrevelation.com\/cinvalentine\/\",\"name\":\"Color Revelation \u2013 Espa\u00f1a \/ Pen\u00ednsula\",\"description\":\"Trends \",\"potentialAction\":[{\"@type\":\"SearchAction\",\"target\":{\"@type\":\"EntryPoint\",\"urlTemplate\":\"https:\/\/www.colorrevelation.com\/cinvalentine\/?s={search_term_string}\"},\"query-input\":{\"@type\":\"PropertyValueSpecification\",\"valueRequired\":true,\"valueName\":\"search_term_string\"}}],\"inLanguage\":\"es\"}]}<\/script>\n<!-- \/ Yoast SEO plugin. -->","yoast_head_json":{"title":"Pol\u00edtica de Privacidad &#8211; Color Revelation \u2013 Espa\u00f1a \/ Pen\u00ednsula","robots":{"index":"index","follow":"follow","max-snippet":"max-snippet:-1","max-image-preview":"max-image-preview:large","max-video-preview":"max-video-preview:-1"},"canonical":"https:\/\/www.colorrevelation.com\/cinvalentine\/politica-de-privacidad\/","og_locale":"es_ES","og_type":"article","og_title":"Pol\u00edtica de Privacidad &#8211; Color Revelation \u2013 Espa\u00f1a \/ Pen\u00ednsula","og_description":"CIN VALENTINE, S.A.U. cumple con todas las normas jur\u00eddicas comunitarias y nacionales aplicables en el \u00e1mbito de protecci\u00f3n de datos, de privacidad y de seguridad de informaci\u00f3n. En el marco del sistema de protecci\u00f3n de datos personales y de seguridad de la informaci\u00f3n, CIN VALENTINE,...","og_url":"https:\/\/www.colorrevelation.com\/cinvalentine\/politica-de-privacidad\/","og_site_name":"Color Revelation \u2013 Espa\u00f1a \/ Pen\u00ednsula","article_modified_time":"2018-10-11T10:38:20+00:00","twitter_card":"summary_large_image","twitter_misc":{"Tiempo de lectura":"14 minutos"},"schema":{"@context":"https:\/\/schema.org","@graph":[{"@type":"WebPage","@id":"https:\/\/www.colorrevelation.com\/cinvalentine\/politica-de-privacidad\/","url":"https:\/\/www.colorrevelation.com\/cinvalentine\/politica-de-privacidad\/","name":"Pol\u00edtica de Privacidad &#8211; Color Revelation \u2013 Espa\u00f1a \/ Pen\u00ednsula","isPartOf":{"@id":"https:\/\/www.colorrevelation.com\/cinvalentine\/#website"},"datePublished":"2018-05-29T13:27:56+00:00","dateModified":"2018-10-11T10:38:20+00:00","breadcrumb":{"@id":"https:\/\/www.colorrevelation.com\/cinvalentine\/politica-de-privacidad\/#breadcrumb"},"inLanguage":"es","potentialAction":[{"@type":"ReadAction","target":["https:\/\/www.colorrevelation.com\/cinvalentine\/politica-de-privacidad\/"]}]},{"@type":"BreadcrumbList","@id":"https:\/\/www.colorrevelation.com\/cinvalentine\/politica-de-privacidad\/#breadcrumb","itemListElement":[{"@type":"ListItem","position":1,"name":"Portada","item":"https:\/\/www.colorrevelation.com\/cinvalentine\/"},{"@type":"ListItem","position":2,"name":"Pol\u00edtica de Privacidad"}]},{"@type":"WebSite","@id":"https:\/\/www.colorrevelation.com\/cinvalentine\/#website","url":"https:\/\/www.colorrevelation.com\/cinvalentine\/","name":"Color Revelation \u2013 Espa\u00f1a \/ Pen\u00ednsula","description":"Trends ","potentialAction":[{"@type":"SearchAction","target":{"@type":"EntryPoint","urlTemplate":"https:\/\/www.colorrevelation.com\/cinvalentine\/?s={search_term_string}"},"query-input":{"@type":"PropertyValueSpecification","valueRequired":true,"valueName":"search_term_string"}}],"inLanguage":"es"}]}},"_links":{"self":[{"href":"https:\/\/www.colorrevelation.com\/cinvalentine\/wp-json\/wp\/v2\/pages\/812","targetHints":{"allow":["GET"]}}],"collection":[{"href":"https:\/\/www.colorrevelation.com\/cinvalentine\/wp-json\/wp\/v2\/pages"}],"about":[{"href":"https:\/\/www.colorrevelation.com\/cinvalentine\/wp-json\/wp\/v2\/types\/page"}],"author":[{"embeddable":true,"href":"https:\/\/www.colorrevelation.com\/cinvalentine\/wp-json\/wp\/v2\/users\/1"}],"replies":[{"embeddable":true,"href":"https:\/\/www.colorrevelation.com\/cinvalentine\/wp-json\/wp\/v2\/comments?post=812"}],"version-history":[{"count":0,"href":"https:\/\/www.colorrevelation.com\/cinvalentine\/wp-json\/wp\/v2\/pages\/812\/revisions"}],"wp:attachment":[{"href":"https:\/\/www.colorrevelation.com\/cinvalentine\/wp-json\/wp\/v2\/media?parent=812"}],"curies":[{"name":"wp","href":"https:\/\/api.w.org\/{rel}","templated":true}]}}