{"id":56,"date":"2016-04-27T12:14:11","date_gmt":"2016-04-27T12:14:11","guid":{"rendered":"http:\/\/www.colorrevelation.com\/?page_id=56"},"modified":"2018-10-11T10:41:41","modified_gmt":"2018-10-11T10:41:41","slug":"terminos-y-condiciones","status":"publish","type":"page","link":"https:\/\/www.colorrevelation.com\/cinvalentine\/terminos-y-condiciones\/","title":{"rendered":"T\u00e9rminos y Condiciones"},"content":{"rendered":"<p>Al acceder al sitio web de CIN VALENTINE, S.A.U., el usuario suscribe, expresamente, los t\u00e9rminos y las condiciones de uso que se mencionan a continuaci\u00f3n.<\/p>\n<p>El sitio con el nombre de dominio <a href=\"http:\/\/www.valentine.es\/\" rel=\"noopener\" target=\"_blank\">www.valentine.es<\/a>, incluyendo todas las sub-p\u00e1ginas, propiedad de CIN VALENTINE, S.A.U., con sede en C\/ Riera Seca, n\u00ba1 &#8211; Pol\u00edgono Industrial Can Milans, Montcada i Reixac, 08110, de Barcelona.<\/p>\n<p>Toda la informaci\u00f3n y contenidos disponibles en el sitio, incluyendo im\u00e1genes, v\u00eddeos, textos e informaciones, logotipos y dise\u00f1o gr\u00e1fico o cualquier documento que all\u00ed conste, son de la propiedad industrial e intelectual de CIN VALENTINE, S.A.U. o de terceros que autorizaron su inclusi\u00f3n, no pudiendo ser utilizados fuera de las condiciones admitidas. Excepto disposici\u00f3n legal en contrario, est\u00e1 expresamente prohibido copiar, almacenar, reproducir, alterar, transmitir, divulgar, comercializar o, de cualquier otra forma, hacer accesible a terceros informaci\u00f3n disponible a trav\u00e9s de este sitio, a menos que sea para uso personal y no comercial. La eventual utilizaci\u00f3n de informaci\u00f3n, en particular cuando est\u00e9 autorizada, siempre deber\u00e1 hacer referencia a la fuente.<\/p>\n<p>Cualquier intento de modificaci\u00f3n y carga de informaci\u00f3n, o cualquier otra acci\u00f3n que pueda causar da\u00f1o y poner en riesgo el sistema, est\u00e1 estrictamente prohibida y puede ser sancionada de acuerdo con la ley vigente.<\/p>\n<p>CIN VALENTINE, S.A.U. ofrece en este sitio informaci\u00f3n sobre la empresa asegurando que la misma sea precisa, relevante, completa y actual. Sin embargo, CIN VALENTINE, S.A.U. no puede garantizar la inexistencia de errores y\/u omisiones y corregir\u00e1 los mismos tan pronto como se le se\u00f1ale y\/o tenga conocimiento de ellos.<\/p>\n<p>Las informaciones contenidas en este sitio no constituyen ninguna oferta o recomendaci\u00f3n por parte de CIN VALENTINE, S.A.U., por lo que cualquier decisi\u00f3n fundada en las mismas es de la exclusiva responsabilidad de su usuario.<\/p>\n<p>Es objetivo de CIN VALENTINE, S.A.U. minimizar los inconvenientes causados por errores t\u00e9cnicos. Sin embargo, determinados datos o informaci\u00f3n contenidos en este sitio pueden haber sido creados o estructurados en archivos o formatos no exentos de errores, con la consecuencia de no poder garantizar la no interrupci\u00f3n o la no perturbaci\u00f3n del servicio debido a tales problemas. CIN VALENTINE, S.A.U. declina toda responsabilidad por eventuales problemas que surjan tras la consulta de este sitio o de cualquier sitio externo vinculado a \u00e9l.<\/p>\n<p>Este sitio se rige por los reglamentos internos y estatutos de CIN VALENTINE, S.A.U., as\u00ed como la ley aplicable espa\u00f1ola y comunitaria.<\/p>\n","protected":false},"excerpt":{"rendered":"<p>Al acceder al sitio web de CIN VALENTINE, S.A.U., el usuario suscribe, expresamente, los t\u00e9rminos y las condiciones de uso que se mencionan a continuaci\u00f3n. El sitio con el nombre de dominio www.valentine.es, incluyendo todas las sub-p\u00e1ginas, propiedad de CIN VALENTINE, S.A.U., con sede en&#8230;<\/p>\n","protected":false},"author":2,"featured_media":0,"parent":0,"menu_order":7,"comment_status":"closed","ping_status":"closed","template":"legal.php","meta":{"_acf_changed":false,"footnotes":""},"class_list":["post-56","page","type-page","status-publish","hentry"],"acf":[],"yoast_head":"<!-- This site is optimized with the Yoast SEO plugin v26.8 - https:\/\/yoast.com\/product\/yoast-seo-wordpress\/ -->\n<title>T\u00e9rminos y Condiciones &#8211; Color Revelation \u2013 Espa\u00f1a \/ Pen\u00ednsula<\/title>\n<meta name=\"robots\" content=\"index, follow, max-snippet:-1, max-image-preview:large, max-video-preview:-1\" \/>\n<link rel=\"canonical\" href=\"https:\/\/www.colorrevelation.com\/cinvalentine\/terminos-y-condiciones\/\" \/>\n<meta property=\"og:locale\" content=\"es_ES\" \/>\n<meta property=\"og:type\" content=\"article\" \/>\n<meta property=\"og:title\" content=\"T\u00e9rminos y Condiciones &#8211; Color Revelation \u2013 Espa\u00f1a \/ Pen\u00ednsula\" \/>\n<meta property=\"og:description\" content=\"Al acceder al sitio web de CIN VALENTINE, S.A.U., el usuario suscribe, expresamente, los t\u00e9rminos y las condiciones de uso que se mencionan a continuaci\u00f3n. El sitio con el nombre de dominio www.valentine.es, incluyendo todas las sub-p\u00e1ginas, propiedad de CIN VALENTINE, S.A.U., con sede en...\" \/>\n<meta property=\"og:url\" content=\"https:\/\/www.colorrevelation.com\/cinvalentine\/terminos-y-condiciones\/\" \/>\n<meta property=\"og:site_name\" content=\"Color Revelation \u2013 Espa\u00f1a \/ Pen\u00ednsula\" \/>\n<meta property=\"article:modified_time\" content=\"2018-10-11T10:41:41+00:00\" \/>\n<meta name=\"twitter:card\" content=\"summary_large_image\" \/>\n<meta name=\"twitter:label1\" content=\"Tiempo de lectura\" \/>\n\t<meta name=\"twitter:data1\" content=\"2 minutos\" \/>\n<script type=\"application\/ld+json\" class=\"yoast-schema-graph\">{\"@context\":\"https:\/\/schema.org\",\"@graph\":[{\"@type\":\"WebPage\",\"@id\":\"https:\/\/www.colorrevelation.com\/cinvalentine\/terminos-y-condiciones\/\",\"url\":\"https:\/\/www.colorrevelation.com\/cinvalentine\/terminos-y-condiciones\/\",\"name\":\"T\u00e9rminos y Condiciones &#8211; Color Revelation \u2013 Espa\u00f1a \/ Pen\u00ednsula\",\"isPartOf\":{\"@id\":\"https:\/\/www.colorrevelation.com\/cinvalentine\/#website\"},\"datePublished\":\"2016-04-27T12:14:11+00:00\",\"dateModified\":\"2018-10-11T10:41:41+00:00\",\"breadcrumb\":{\"@id\":\"https:\/\/www.colorrevelation.com\/cinvalentine\/terminos-y-condiciones\/#breadcrumb\"},\"inLanguage\":\"es\",\"potentialAction\":[{\"@type\":\"ReadAction\",\"target\":[\"https:\/\/www.colorrevelation.com\/cinvalentine\/terminos-y-condiciones\/\"]}]},{\"@type\":\"BreadcrumbList\",\"@id\":\"https:\/\/www.colorrevelation.com\/cinvalentine\/terminos-y-condiciones\/#breadcrumb\",\"itemListElement\":[{\"@type\":\"ListItem\",\"position\":1,\"name\":\"Portada\",\"item\":\"https:\/\/www.colorrevelation.com\/cinvalentine\/\"},{\"@type\":\"ListItem\",\"position\":2,\"name\":\"T\u00e9rminos y Condiciones\"}]},{\"@type\":\"WebSite\",\"@id\":\"https:\/\/www.colorrevelation.com\/cinvalentine\/#website\",\"url\":\"https:\/\/www.colorrevelation.com\/cinvalentine\/\",\"name\":\"Color Revelation \u2013 Espa\u00f1a \/ Pen\u00ednsula\",\"description\":\"Trends \",\"potentialAction\":[{\"@type\":\"SearchAction\",\"target\":{\"@type\":\"EntryPoint\",\"urlTemplate\":\"https:\/\/www.colorrevelation.com\/cinvalentine\/?s={search_term_string}\"},\"query-input\":{\"@type\":\"PropertyValueSpecification\",\"valueRequired\":true,\"valueName\":\"search_term_string\"}}],\"inLanguage\":\"es\"}]}<\/script>\n<!-- \/ Yoast SEO plugin. -->","yoast_head_json":{"title":"T\u00e9rminos y Condiciones &#8211; Color Revelation \u2013 Espa\u00f1a \/ Pen\u00ednsula","robots":{"index":"index","follow":"follow","max-snippet":"max-snippet:-1","max-image-preview":"max-image-preview:large","max-video-preview":"max-video-preview:-1"},"canonical":"https:\/\/www.colorrevelation.com\/cinvalentine\/terminos-y-condiciones\/","og_locale":"es_ES","og_type":"article","og_title":"T\u00e9rminos y Condiciones &#8211; Color Revelation \u2013 Espa\u00f1a \/ Pen\u00ednsula","og_description":"Al acceder al sitio web de CIN VALENTINE, S.A.U., el usuario suscribe, expresamente, los t\u00e9rminos y las condiciones de uso que se mencionan a continuaci\u00f3n. El sitio con el nombre de dominio www.valentine.es, incluyendo todas las sub-p\u00e1ginas, propiedad de CIN VALENTINE, S.A.U., con sede en...","og_url":"https:\/\/www.colorrevelation.com\/cinvalentine\/terminos-y-condiciones\/","og_site_name":"Color Revelation \u2013 Espa\u00f1a \/ Pen\u00ednsula","article_modified_time":"2018-10-11T10:41:41+00:00","twitter_card":"summary_large_image","twitter_misc":{"Tiempo de lectura":"2 minutos"},"schema":{"@context":"https:\/\/schema.org","@graph":[{"@type":"WebPage","@id":"https:\/\/www.colorrevelation.com\/cinvalentine\/terminos-y-condiciones\/","url":"https:\/\/www.colorrevelation.com\/cinvalentine\/terminos-y-condiciones\/","name":"T\u00e9rminos y Condiciones &#8211; Color Revelation \u2013 Espa\u00f1a \/ Pen\u00ednsula","isPartOf":{"@id":"https:\/\/www.colorrevelation.com\/cinvalentine\/#website"},"datePublished":"2016-04-27T12:14:11+00:00","dateModified":"2018-10-11T10:41:41+00:00","breadcrumb":{"@id":"https:\/\/www.colorrevelation.com\/cinvalentine\/terminos-y-condiciones\/#breadcrumb"},"inLanguage":"es","potentialAction":[{"@type":"ReadAction","target":["https:\/\/www.colorrevelation.com\/cinvalentine\/terminos-y-condiciones\/"]}]},{"@type":"BreadcrumbList","@id":"https:\/\/www.colorrevelation.com\/cinvalentine\/terminos-y-condiciones\/#breadcrumb","itemListElement":[{"@type":"ListItem","position":1,"name":"Portada","item":"https:\/\/www.colorrevelation.com\/cinvalentine\/"},{"@type":"ListItem","position":2,"name":"T\u00e9rminos y Condiciones"}]},{"@type":"WebSite","@id":"https:\/\/www.colorrevelation.com\/cinvalentine\/#website","url":"https:\/\/www.colorrevelation.com\/cinvalentine\/","name":"Color Revelation \u2013 Espa\u00f1a \/ Pen\u00ednsula","description":"Trends ","potentialAction":[{"@type":"SearchAction","target":{"@type":"EntryPoint","urlTemplate":"https:\/\/www.colorrevelation.com\/cinvalentine\/?s={search_term_string}"},"query-input":{"@type":"PropertyValueSpecification","valueRequired":true,"valueName":"search_term_string"}}],"inLanguage":"es"}]}},"_links":{"self":[{"href":"https:\/\/www.colorrevelation.com\/cinvalentine\/wp-json\/wp\/v2\/pages\/56","targetHints":{"allow":["GET"]}}],"collection":[{"href":"https:\/\/www.colorrevelation.com\/cinvalentine\/wp-json\/wp\/v2\/pages"}],"about":[{"href":"https:\/\/www.colorrevelation.com\/cinvalentine\/wp-json\/wp\/v2\/types\/page"}],"author":[{"embeddable":true,"href":"https:\/\/www.colorrevelation.com\/cinvalentine\/wp-json\/wp\/v2\/users\/2"}],"replies":[{"embeddable":true,"href":"https:\/\/www.colorrevelation.com\/cinvalentine\/wp-json\/wp\/v2\/comments?post=56"}],"version-history":[{"count":0,"href":"https:\/\/www.colorrevelation.com\/cinvalentine\/wp-json\/wp\/v2\/pages\/56\/revisions"}],"wp:attachment":[{"href":"https:\/\/www.colorrevelation.com\/cinvalentine\/wp-json\/wp\/v2\/media?parent=56"}],"curies":[{"name":"wp","href":"https:\/\/api.w.org\/{rel}","templated":true}]}}