{"id":54,"date":"2016-04-27T12:13:51","date_gmt":"2016-04-27T12:13:51","guid":{"rendered":"http:\/\/www.colorrevelation.com\/?page_id=54"},"modified":"2018-10-11T10:54:30","modified_gmt":"2018-10-11T10:54:30","slug":"cookies","status":"publish","type":"page","link":"https:\/\/www.colorrevelation.com\/cinvalentine\/cookies\/","title":{"rendered":"Cookies"},"content":{"rendered":"<p>Este sitio web, al igual que la mayor\u00eda de los sitios de Internet, utiliza testimonios de conexi\u00f3n, las llamadas cookies, para mejorar y optimizar su experiencia de navegaci\u00f3n.<\/p>\n<p>A continuaci\u00f3n, encontrar\u00e1 informaci\u00f3n detallada sobre qu\u00e9 son las cookies, qu\u00e9 tipo de cookies existen, cu\u00e1les son las que se utilizan en este sitio web, c\u00f3mo puede desactivarlas en su navegaci\u00f3n y c\u00f3mo bloquear la instalaci\u00f3n de cookies de terceros. <\/p>\n<p>Al presionar <strong>OK<\/strong> est\u00e1 consintiendo el alojamiento de las cookies de nuestro sitio web en su ordenador o dispositivo m\u00f3vil. <\/p>\n<h3>\u00bfQu\u00e9 son las cookies?<\/h3>\n<p>Las cookies son peque\u00f1os fragmentos de texto (o testimonios de conexi\u00f3n) enviados a su navegador (browser) por los sitios web que visita. Ayudan al sitio web a memorizar informaci\u00f3n sobre su visita, conservando apenas informaci\u00f3n relacionada con sus preferencias, sin incluir, como tal, sus datos personales. La colocaci\u00f3n de cookies ayudar\u00e1 al sitio web a reconocer su dispositivo la pr\u00f3xima vez que el usuario lo visite. <\/p>\n<p>Utilizamos el t\u00e9rmino cookies en esta pol\u00edtica para referir todos los archivos que recopilan informaci\u00f3n de esta forma. <\/p>\n<p>Las cookies utilizadas no recopilan informaci\u00f3n que identifica al usuario. Las cookies recopilan informaci\u00f3n gen\u00e9rica, en particular la forma en que los usuarios llegan, el idioma que utilizan y la forma en que usan los sitios web o la zona del pa\u00eds a trav\u00e9s del cual acceden al sitio web, etc. Las cookies s\u00f3lo conservan informaci\u00f3n relacionada con sus preferencias. En cualquier momento, el usuario puede, a trav\u00e9s de su navegador de internet (browser), decidir ser notificado sobre la recepci\u00f3n de cookies, as\u00ed como bloquear su entrada en su sistema. <\/p>\n<p>La denegaci\u00f3n de uso de cookies en el sitio web, puede causar la imposibilidad de acceder a algunas de sus \u00e1reas o de recibir informaci\u00f3n personalizada. <\/p>\n<h3>\u00bfPara qu\u00e9 sirven las cookies?<\/h3>\n<p>Las cookies sirven para ayudar a determinar la utilidad, inter\u00e9s y el n\u00famero de usos de sus sitios web, permitiendo una navegaci\u00f3n m\u00e1s r\u00e1pida y eficiente, eliminando la necesidad de introducir repetidamente la misma informaci\u00f3n. <\/p>\n<h3>Qu\u00e9 tipo de cookies utilizamos?<\/h3>\n<p>Utilizamos diferentes tipos de cookies que tienen diferentes funciones. Veamos: <\/p>\n<p><strong>a. Cookies estrictamente necesarias (esenciales) <\/strong><\/p>\n<p>Permiten la navegaci\u00f3n en el sitio web y el uso de sus aplicaciones, as\u00ed como acceder a \u00e1reas seguras del sitio web. Sin estas cookies, los servicios, que haya solicitado, no se pueden prestar. Algunas cookies son esenciales para acceder a \u00e1reas espec\u00edficas de nuestro sitio web. <\/p>\n<p><strong>b. Cookies anal\u00edticas<\/strong><\/p>\n<p>Estas cookies se utilizan para analizar la forma en que los usuarios utilizan el sitio web y supervisar el rendimiento de \u00e9ste. Esto nos permite proporcionar una experiencia de alta calidad al personalizar nuestra oferta y r\u00e1pidamente identificar y corregir cualquier problema que surja. Por ejemplo, utilizamos cookies de rendimiento para conocer las p\u00e1ginas m\u00e1s populares, qu\u00e9 m\u00e9todo de conexi\u00f3n entre p\u00e1ginas es m\u00e1s eficaz, o para determinar la raz\u00f3n por la que algunas p\u00e1ginas est\u00e1n recibiendo mensajes de error. Estas cookies s\u00f3lo se utilizan para la creaci\u00f3n y el an\u00e1lisis estad\u00edstico, sin recopilar informaci\u00f3n de car\u00e1cter personal. <\/p>\n<p><strong>c. Cookies de funcionalidad<\/strong><\/p>\n<p>Guardan las preferencias del usuario sobre el uso del sitio web, de forma que no es necesario volver a configurar el sitio web cada vez que la visita. <\/p>\n<p><strong>d. Cookies de terceros<\/strong><\/p>\n<p>Medir el \u00e9xito de las aplicaciones y la eficacia de la publicidad de terceros. Tambi\u00e9n se pueden utilizar para personalizar un widget con datos de usuario. <\/p>\n<h3>Por otro lado, las cookies pueden ser: <\/h3>\n<p><strong>Cookies Permanentes &#8211;<\/strong> Se almacenan, por tiempo variable, a nivel del navegador de Internet (browser) en sus dispositivos de acceso (pc, m\u00f3vil y tablet) y se utilizan siempre que el usuario haga una nueva visita al sitio web. Generalmente se utilizan para dirigir la navegaci\u00f3n de acuerdo con los intereses del usuario, permiti\u00e9ndonos prestar un servicio m\u00e1s personalizado. <\/p>\n<p><strong>Cookies de sesi\u00f3n &#8211;<\/strong> Son temporales, permanecen en las cookies de su navegador de Internet (browser) hasta salir del sitio web. La informaci\u00f3n obtenida permite identificar problemas y proporcionar una mejor experiencia de navegaci\u00f3n. <\/p>\n<h3>C\u00f3mo desactivar el uso de las cookies<\/h3>\n<p>Si lo desea, puede dejar de aceptar las cookies del navegador, o dejar de aceptar las cookies de cualquier servicio particular. <\/p>\n<p>Todos los navegadores modernos permiten cambiar la configuraci\u00f3n de las cookies. Estos ajustes normalmente se encuentran en las \u00abOpciones\u00bb o \u00abPreferencias\u00bb del men\u00fa del navegador. <\/p>\n<p>El usuario podr\u00e1, en cualquier momento, desactivar el uso de cookies en este sitio web mediante: <\/p>\n<p><strong>a. La configuraci\u00f3n del propio navegador, por ejemplo: <\/strong><\/p>\n<p>Google Chrome: <a href=\"http:\/\/support.google.com\/chrome\/bin\/answer.py?hl=es&amp;answer=95647\" target=\"_blank\" rel=\"noopener\">http:\/\/support.google.com\/chrome\/bin\/answer.py?hl=es&amp;answer=95647<\/a><br \/>\nInternet Explorer: <a href=\"http:\/\/windows.microsoft.com\/es-es\/windows7\/how-to-manage-cookies-in-internet-explorer-9\" target=\"_blank\" rel=\"noopener\">http:\/\/windows.microsoft.com\/es-es\/windows7\/how-to-manage-cookies-in-internet-explorer-9<\/a><br \/>\nMozilla Firefox: <a href=\"http:\/\/support.mozilla.org\/es\/kb\/habilitar-y-deshabilitar-cookies-que-los-sitios-we\" target=\"_blank\" rel=\"noopener\">http:\/\/support.mozilla.org\/es\/kb\/habilitar-y-deshabilitar-cookies-que-los-sitios-we<\/a><br \/>\nApple Safari: <a href=\"http:\/\/support.apple.com\/kb\/ph5042\" target=\"_blank\" rel=\"noopener\">http:\/\/support.apple.com\/kb\/ph5042<\/a><\/p>\n<p><strong>b. Otras herramientas de terceros, disponibles en l\u00ednea, que permiten a los usuarios detectar las cookies en cada sitio web que visite y gestionar su desactivaci\u00f3n; por ejemplo: <\/strong><\/p>\n<p>Ghostery: <a href=\"http:\/\/www.ghostery.com\/privacy-statement\" target=\"_blank\" rel=\"noopener\">http:\/\/www.ghostery.com\/privacy-statement<\/a><\/p>\n<h3>\u00bfQu\u00e9 es lo que sucede cuando se desactivan las cookies?<\/h3>\n<p>Algunas funcionalidades y servicios pueden estar deshabilitados o tener un comportamiento diferente de lo esperado, por ejemplo, permanecer identificado, mantener las compras en la \u00abcesta de la compra\u00bb en el caso de un servicio de comercio electr\u00f3nico o recibir informaci\u00f3n dirigida a su ubicaci\u00f3n, entre otras situaciones. <\/p>\n<p>Si desactiva el uso de cookies en este sitio web es probable que deje de poder acceder a ciertas zonas del mismo o que la experiencia de navegaci\u00f3n en el mismo se degrade notoriamente. <\/p>\n<h3>Garant\u00edas adicionales y derogaci\u00f3n de la aceptaci\u00f3n<\/h3>\n<p><strong>CIN VALENTINE, S.A.U. <\/strong>no se responsabiliza por el contenido y la veracidad de las pol\u00edticas de privacidad de las cookies de terceros incluidas en este sitio web. <\/p>\n<p>Como garant\u00eda adicional, el registro de cookies en este sitio web puede estar sujeto a la aceptaci\u00f3n de cookies por parte del usuario durante la visita al sitio web, a la instalaci\u00f3n o actualizaci\u00f3n del navegador utilizado, y esta aceptaci\u00f3n puede en todo momento ser revocada mediante las opciones de configuraci\u00f3n de contenidos y privacidad disponibles y comentados en esta pol\u00edtica de cookies. <\/p>\n<h3>Actualizaci\u00f3n de la pol\u00edtica de cookies<\/h3>\n<p><strong>CIN VALENTINE, S.A.U. <\/strong>puede modificar esta pol\u00edtica de cookies en funci\u00f3n de los requisitos legales, regulamientos o instrucciones de cualquier Agencia Europea de Protecci\u00f3n de Datos, por lo que se aconseja a los usuarios que la revisen peri\u00f3dicamente. <\/p>\n<p>Cuando los cambios realizados a esta pol\u00edtica de cookies sean significativos, se har\u00e1 una comunicaci\u00f3n a los usuarios, ya sea v\u00eda web o por correo electr\u00f3nico, para el caso de los usuarios registrados. <\/p>\n<h3>Encargado de protecci\u00f3n de dados (DPO)<\/h3>\n<p>Para aclaraciones sobre la Pol\u00edtica de Cookies o para el ejercicio de cualquier tipo de derechos de protecci\u00f3n de datos y de privacidad o para cualquier asunto referente a los temas de protecci\u00f3n de datos, privacidad y seguridad de la informaci\u00f3n, los Usuarios, Destinatarios del Servicio y Clientes de la Compa\u00f1\u00eda CIN VALENTINE, S.A.U. pueden ponerse en contacto con el Encargado de Protecci\u00f3n de Datos a trav\u00e9s del correo electr\u00f3nico <a href=\"mailto:dpo_privacy.es@cin.com\">dpo_privacy.es@cin.com<\/a>, describiendo el asunto de la solicitud e indicando una direcci\u00f3n de correo electr\u00f3nico, un contacto telef\u00f3nico o una direcci\u00f3n de correo para responder.<\/p>\n","protected":false},"excerpt":{"rendered":"<p>Este sitio web, al igual que la mayor\u00eda de los sitios de Internet, utiliza testimonios de conexi\u00f3n, las llamadas cookies, para mejorar y optimizar su experiencia de navegaci\u00f3n. A continuaci\u00f3n, encontrar\u00e1 informaci\u00f3n detallada sobre qu\u00e9 son las cookies, qu\u00e9 tipo de cookies existen, cu\u00e1les son&#8230;<\/p>\n","protected":false},"author":2,"featured_media":0,"parent":0,"menu_order":8,"comment_status":"closed","ping_status":"closed","template":"legal.php","meta":{"_acf_changed":false,"footnotes":""},"class_list":["post-54","page","type-page","status-publish","hentry"],"acf":[],"yoast_head":"<!-- This site is optimized with the Yoast SEO plugin v26.8 - https:\/\/yoast.com\/product\/yoast-seo-wordpress\/ -->\n<title>Cookies &#8211; Color Revelation \u2013 Espa\u00f1a \/ Pen\u00ednsula<\/title>\n<meta name=\"robots\" content=\"index, follow, max-snippet:-1, max-image-preview:large, max-video-preview:-1\" \/>\n<link rel=\"canonical\" href=\"https:\/\/www.colorrevelation.com\/cinvalentine\/cookies\/\" \/>\n<meta property=\"og:locale\" content=\"es_ES\" \/>\n<meta property=\"og:type\" content=\"article\" \/>\n<meta property=\"og:title\" content=\"Cookies &#8211; Color Revelation \u2013 Espa\u00f1a \/ Pen\u00ednsula\" \/>\n<meta property=\"og:description\" content=\"Este sitio web, al igual que la mayor\u00eda de los sitios de Internet, utiliza testimonios de conexi\u00f3n, las llamadas cookies, para mejorar y optimizar su experiencia de navegaci\u00f3n. A continuaci\u00f3n, encontrar\u00e1 informaci\u00f3n detallada sobre qu\u00e9 son las cookies, qu\u00e9 tipo de cookies existen, cu\u00e1les son...\" \/>\n<meta property=\"og:url\" content=\"https:\/\/www.colorrevelation.com\/cinvalentine\/cookies\/\" \/>\n<meta property=\"og:site_name\" content=\"Color Revelation \u2013 Espa\u00f1a \/ Pen\u00ednsula\" \/>\n<meta property=\"article:modified_time\" content=\"2018-10-11T10:54:30+00:00\" \/>\n<meta name=\"twitter:card\" content=\"summary_large_image\" \/>\n<meta name=\"twitter:label1\" content=\"Tiempo de lectura\" \/>\n\t<meta name=\"twitter:data1\" content=\"6 minutos\" \/>\n<script type=\"application\/ld+json\" class=\"yoast-schema-graph\">{\"@context\":\"https:\/\/schema.org\",\"@graph\":[{\"@type\":\"WebPage\",\"@id\":\"https:\/\/www.colorrevelation.com\/cinvalentine\/cookies\/\",\"url\":\"https:\/\/www.colorrevelation.com\/cinvalentine\/cookies\/\",\"name\":\"Cookies &#8211; Color Revelation \u2013 Espa\u00f1a \/ Pen\u00ednsula\",\"isPartOf\":{\"@id\":\"https:\/\/www.colorrevelation.com\/cinvalentine\/#website\"},\"datePublished\":\"2016-04-27T12:13:51+00:00\",\"dateModified\":\"2018-10-11T10:54:30+00:00\",\"breadcrumb\":{\"@id\":\"https:\/\/www.colorrevelation.com\/cinvalentine\/cookies\/#breadcrumb\"},\"inLanguage\":\"es\",\"potentialAction\":[{\"@type\":\"ReadAction\",\"target\":[\"https:\/\/www.colorrevelation.com\/cinvalentine\/cookies\/\"]}]},{\"@type\":\"BreadcrumbList\",\"@id\":\"https:\/\/www.colorrevelation.com\/cinvalentine\/cookies\/#breadcrumb\",\"itemListElement\":[{\"@type\":\"ListItem\",\"position\":1,\"name\":\"Portada\",\"item\":\"https:\/\/www.colorrevelation.com\/cinvalentine\/\"},{\"@type\":\"ListItem\",\"position\":2,\"name\":\"Cookies\"}]},{\"@type\":\"WebSite\",\"@id\":\"https:\/\/www.colorrevelation.com\/cinvalentine\/#website\",\"url\":\"https:\/\/www.colorrevelation.com\/cinvalentine\/\",\"name\":\"Color Revelation \u2013 Espa\u00f1a \/ Pen\u00ednsula\",\"description\":\"Trends \",\"potentialAction\":[{\"@type\":\"SearchAction\",\"target\":{\"@type\":\"EntryPoint\",\"urlTemplate\":\"https:\/\/www.colorrevelation.com\/cinvalentine\/?s={search_term_string}\"},\"query-input\":{\"@type\":\"PropertyValueSpecification\",\"valueRequired\":true,\"valueName\":\"search_term_string\"}}],\"inLanguage\":\"es\"}]}<\/script>\n<!-- \/ Yoast SEO plugin. -->","yoast_head_json":{"title":"Cookies &#8211; Color Revelation \u2013 Espa\u00f1a \/ Pen\u00ednsula","robots":{"index":"index","follow":"follow","max-snippet":"max-snippet:-1","max-image-preview":"max-image-preview:large","max-video-preview":"max-video-preview:-1"},"canonical":"https:\/\/www.colorrevelation.com\/cinvalentine\/cookies\/","og_locale":"es_ES","og_type":"article","og_title":"Cookies &#8211; Color Revelation \u2013 Espa\u00f1a \/ Pen\u00ednsula","og_description":"Este sitio web, al igual que la mayor\u00eda de los sitios de Internet, utiliza testimonios de conexi\u00f3n, las llamadas cookies, para mejorar y optimizar su experiencia de navegaci\u00f3n. A continuaci\u00f3n, encontrar\u00e1 informaci\u00f3n detallada sobre qu\u00e9 son las cookies, qu\u00e9 tipo de cookies existen, cu\u00e1les son...","og_url":"https:\/\/www.colorrevelation.com\/cinvalentine\/cookies\/","og_site_name":"Color Revelation \u2013 Espa\u00f1a \/ Pen\u00ednsula","article_modified_time":"2018-10-11T10:54:30+00:00","twitter_card":"summary_large_image","twitter_misc":{"Tiempo de lectura":"6 minutos"},"schema":{"@context":"https:\/\/schema.org","@graph":[{"@type":"WebPage","@id":"https:\/\/www.colorrevelation.com\/cinvalentine\/cookies\/","url":"https:\/\/www.colorrevelation.com\/cinvalentine\/cookies\/","name":"Cookies &#8211; Color Revelation \u2013 Espa\u00f1a \/ Pen\u00ednsula","isPartOf":{"@id":"https:\/\/www.colorrevelation.com\/cinvalentine\/#website"},"datePublished":"2016-04-27T12:13:51+00:00","dateModified":"2018-10-11T10:54:30+00:00","breadcrumb":{"@id":"https:\/\/www.colorrevelation.com\/cinvalentine\/cookies\/#breadcrumb"},"inLanguage":"es","potentialAction":[{"@type":"ReadAction","target":["https:\/\/www.colorrevelation.com\/cinvalentine\/cookies\/"]}]},{"@type":"BreadcrumbList","@id":"https:\/\/www.colorrevelation.com\/cinvalentine\/cookies\/#breadcrumb","itemListElement":[{"@type":"ListItem","position":1,"name":"Portada","item":"https:\/\/www.colorrevelation.com\/cinvalentine\/"},{"@type":"ListItem","position":2,"name":"Cookies"}]},{"@type":"WebSite","@id":"https:\/\/www.colorrevelation.com\/cinvalentine\/#website","url":"https:\/\/www.colorrevelation.com\/cinvalentine\/","name":"Color Revelation \u2013 Espa\u00f1a \/ Pen\u00ednsula","description":"Trends ","potentialAction":[{"@type":"SearchAction","target":{"@type":"EntryPoint","urlTemplate":"https:\/\/www.colorrevelation.com\/cinvalentine\/?s={search_term_string}"},"query-input":{"@type":"PropertyValueSpecification","valueRequired":true,"valueName":"search_term_string"}}],"inLanguage":"es"}]}},"_links":{"self":[{"href":"https:\/\/www.colorrevelation.com\/cinvalentine\/wp-json\/wp\/v2\/pages\/54","targetHints":{"allow":["GET"]}}],"collection":[{"href":"https:\/\/www.colorrevelation.com\/cinvalentine\/wp-json\/wp\/v2\/pages"}],"about":[{"href":"https:\/\/www.colorrevelation.com\/cinvalentine\/wp-json\/wp\/v2\/types\/page"}],"author":[{"embeddable":true,"href":"https:\/\/www.colorrevelation.com\/cinvalentine\/wp-json\/wp\/v2\/users\/2"}],"replies":[{"embeddable":true,"href":"https:\/\/www.colorrevelation.com\/cinvalentine\/wp-json\/wp\/v2\/comments?post=54"}],"version-history":[{"count":0,"href":"https:\/\/www.colorrevelation.com\/cinvalentine\/wp-json\/wp\/v2\/pages\/54\/revisions"}],"wp:attachment":[{"href":"https:\/\/www.colorrevelation.com\/cinvalentine\/wp-json\/wp\/v2\/media?parent=54"}],"curies":[{"name":"wp","href":"https:\/\/api.w.org\/{rel}","templated":true}]}}