{"id":154,"date":"2016-06-08T22:13:11","date_gmt":"2016-06-08T22:13:11","guid":{"rendered":"http:\/\/www.colorrevelation.com\/?page_id=154"},"modified":"2020-01-27T18:11:33","modified_gmt":"2020-01-27T18:11:33","slug":"productos","status":"publish","type":"page","link":"https:\/\/www.colorrevelation.com\/cinvalentine\/productos\/","title":{"rendered":"Productos CIN Valentine"},"content":{"rendered":"<div class=\"page\" title=\"Page 6\">\n<div class=\"section\">\n<div class=\"layoutArea\">\n<div class=\"column\">\n<p>Todos los colores aqu\u00ed mostrados pueden obtenerse a trav\u00e9s del Sistema Multicolor de CIN Valentine en los productos:<\/p>\n<p><strong>Para paredes y techos<\/strong><br \/>\nVal\u00f3n Premium Mate<br \/>\nCashmere<br \/>\nVal\u00f3n Clean<br \/>\nVal\u00f3n (Extramate y Satinado)<br \/>\nValacryl (Brillante, Satinado y Mate)<br \/>\nFa\u0301cil + Plus Formula Mejorada<\/p>\n<p><strong>Para madera y metal<\/strong><br \/>\nValrex (Brillante y Mate)<br \/>\nValacryl (Brillante, Satinado y Mate)<br \/>\nValenite (Satinado)<br \/>\nVal-Thane (Satinado)<\/p>\n<\/div>\n<\/div>\n<\/div>\n<\/div>\n","protected":false},"excerpt":{"rendered":"<p>Todos los colores aqu\u00ed mostrados pueden obtenerse a trav\u00e9s del Sistema Multicolor de CIN Valentine en los productos: Para paredes y techos Val\u00f3n Premium Mate Cashmere Val\u00f3n Clean Val\u00f3n (Extramate y Satinado) Valacryl (Brillante, Satinado y Mate) Fa\u0301cil + Plus Formula Mejorada Para madera y&#8230;<\/p>\n","protected":false},"author":2,"featured_media":0,"parent":0,"menu_order":5,"comment_status":"closed","ping_status":"closed","template":"","meta":{"_acf_changed":false,"footnotes":""},"class_list":["post-154","page","type-page","status-publish","hentry"],"acf":[],"yoast_head":"<!-- This site is optimized with the Yoast SEO plugin v26.8 - https:\/\/yoast.com\/product\/yoast-seo-wordpress\/ -->\n<title>Productos CIN Valentine &#8211; Color Revelation \u2013 Espa\u00f1a \/ Pen\u00ednsula<\/title>\n<meta name=\"robots\" content=\"index, follow, max-snippet:-1, max-image-preview:large, max-video-preview:-1\" \/>\n<link rel=\"canonical\" href=\"https:\/\/www.colorrevelation.com\/cinvalentine\/productos\/\" \/>\n<meta property=\"og:locale\" content=\"es_ES\" \/>\n<meta property=\"og:type\" content=\"article\" \/>\n<meta property=\"og:title\" content=\"Productos CIN Valentine &#8211; Color Revelation \u2013 Espa\u00f1a \/ Pen\u00ednsula\" \/>\n<meta property=\"og:description\" content=\"Todos los colores aqu\u00ed mostrados pueden obtenerse a trav\u00e9s del Sistema Multicolor de CIN Valentine en los productos: Para paredes y techos Val\u00f3n Premium Mate Cashmere Val\u00f3n Clean Val\u00f3n (Extramate y Satinado) Valacryl (Brillante, Satinado y Mate) Fa\u0301cil + Plus Formula Mejorada Para madera y...\" \/>\n<meta property=\"og:url\" content=\"https:\/\/www.colorrevelation.com\/cinvalentine\/productos\/\" \/>\n<meta property=\"og:site_name\" content=\"Color Revelation \u2013 Espa\u00f1a \/ Pen\u00ednsula\" \/>\n<meta property=\"article:modified_time\" content=\"2020-01-27T18:11:33+00:00\" \/>\n<meta name=\"twitter:card\" content=\"summary_large_image\" \/>\n<script type=\"application\/ld+json\" class=\"yoast-schema-graph\">{\"@context\":\"https:\/\/schema.org\",\"@graph\":[{\"@type\":\"WebPage\",\"@id\":\"https:\/\/www.colorrevelation.com\/cinvalentine\/productos\/\",\"url\":\"https:\/\/www.colorrevelation.com\/cinvalentine\/productos\/\",\"name\":\"Productos CIN Valentine &#8211; Color Revelation \u2013 Espa\u00f1a \/ Pen\u00ednsula\",\"isPartOf\":{\"@id\":\"https:\/\/www.colorrevelation.com\/cinvalentine\/#website\"},\"datePublished\":\"2016-06-08T22:13:11+00:00\",\"dateModified\":\"2020-01-27T18:11:33+00:00\",\"breadcrumb\":{\"@id\":\"https:\/\/www.colorrevelation.com\/cinvalentine\/productos\/#breadcrumb\"},\"inLanguage\":\"es\",\"potentialAction\":[{\"@type\":\"ReadAction\",\"target\":[\"https:\/\/www.colorrevelation.com\/cinvalentine\/productos\/\"]}]},{\"@type\":\"BreadcrumbList\",\"@id\":\"https:\/\/www.colorrevelation.com\/cinvalentine\/productos\/#breadcrumb\",\"itemListElement\":[{\"@type\":\"ListItem\",\"position\":1,\"name\":\"Portada\",\"item\":\"https:\/\/www.colorrevelation.com\/cinvalentine\/\"},{\"@type\":\"ListItem\",\"position\":2,\"name\":\"Productos CIN Valentine\"}]},{\"@type\":\"WebSite\",\"@id\":\"https:\/\/www.colorrevelation.com\/cinvalentine\/#website\",\"url\":\"https:\/\/www.colorrevelation.com\/cinvalentine\/\",\"name\":\"Color Revelation \u2013 Espa\u00f1a \/ Pen\u00ednsula\",\"description\":\"Trends \",\"potentialAction\":[{\"@type\":\"SearchAction\",\"target\":{\"@type\":\"EntryPoint\",\"urlTemplate\":\"https:\/\/www.colorrevelation.com\/cinvalentine\/?s={search_term_string}\"},\"query-input\":{\"@type\":\"PropertyValueSpecification\",\"valueRequired\":true,\"valueName\":\"search_term_string\"}}],\"inLanguage\":\"es\"}]}<\/script>\n<!-- \/ Yoast SEO plugin. -->","yoast_head_json":{"title":"Productos CIN Valentine &#8211; Color Revelation \u2013 Espa\u00f1a \/ Pen\u00ednsula","robots":{"index":"index","follow":"follow","max-snippet":"max-snippet:-1","max-image-preview":"max-image-preview:large","max-video-preview":"max-video-preview:-1"},"canonical":"https:\/\/www.colorrevelation.com\/cinvalentine\/productos\/","og_locale":"es_ES","og_type":"article","og_title":"Productos CIN Valentine &#8211; Color Revelation \u2013 Espa\u00f1a \/ Pen\u00ednsula","og_description":"Todos los colores aqu\u00ed mostrados pueden obtenerse a trav\u00e9s del Sistema Multicolor de CIN Valentine en los productos: Para paredes y techos Val\u00f3n Premium Mate Cashmere Val\u00f3n Clean Val\u00f3n (Extramate y Satinado) Valacryl (Brillante, Satinado y Mate) Fa\u0301cil + Plus Formula Mejorada Para madera y...","og_url":"https:\/\/www.colorrevelation.com\/cinvalentine\/productos\/","og_site_name":"Color Revelation \u2013 Espa\u00f1a \/ Pen\u00ednsula","article_modified_time":"2020-01-27T18:11:33+00:00","twitter_card":"summary_large_image","schema":{"@context":"https:\/\/schema.org","@graph":[{"@type":"WebPage","@id":"https:\/\/www.colorrevelation.com\/cinvalentine\/productos\/","url":"https:\/\/www.colorrevelation.com\/cinvalentine\/productos\/","name":"Productos CIN Valentine &#8211; Color Revelation \u2013 Espa\u00f1a \/ Pen\u00ednsula","isPartOf":{"@id":"https:\/\/www.colorrevelation.com\/cinvalentine\/#website"},"datePublished":"2016-06-08T22:13:11+00:00","dateModified":"2020-01-27T18:11:33+00:00","breadcrumb":{"@id":"https:\/\/www.colorrevelation.com\/cinvalentine\/productos\/#breadcrumb"},"inLanguage":"es","potentialAction":[{"@type":"ReadAction","target":["https:\/\/www.colorrevelation.com\/cinvalentine\/productos\/"]}]},{"@type":"BreadcrumbList","@id":"https:\/\/www.colorrevelation.com\/cinvalentine\/productos\/#breadcrumb","itemListElement":[{"@type":"ListItem","position":1,"name":"Portada","item":"https:\/\/www.colorrevelation.com\/cinvalentine\/"},{"@type":"ListItem","position":2,"name":"Productos CIN Valentine"}]},{"@type":"WebSite","@id":"https:\/\/www.colorrevelation.com\/cinvalentine\/#website","url":"https:\/\/www.colorrevelation.com\/cinvalentine\/","name":"Color Revelation \u2013 Espa\u00f1a \/ Pen\u00ednsula","description":"Trends ","potentialAction":[{"@type":"SearchAction","target":{"@type":"EntryPoint","urlTemplate":"https:\/\/www.colorrevelation.com\/cinvalentine\/?s={search_term_string}"},"query-input":{"@type":"PropertyValueSpecification","valueRequired":true,"valueName":"search_term_string"}}],"inLanguage":"es"}]}},"_links":{"self":[{"href":"https:\/\/www.colorrevelation.com\/cinvalentine\/wp-json\/wp\/v2\/pages\/154","targetHints":{"allow":["GET"]}}],"collection":[{"href":"https:\/\/www.colorrevelation.com\/cinvalentine\/wp-json\/wp\/v2\/pages"}],"about":[{"href":"https:\/\/www.colorrevelation.com\/cinvalentine\/wp-json\/wp\/v2\/types\/page"}],"author":[{"embeddable":true,"href":"https:\/\/www.colorrevelation.com\/cinvalentine\/wp-json\/wp\/v2\/users\/2"}],"replies":[{"embeddable":true,"href":"https:\/\/www.colorrevelation.com\/cinvalentine\/wp-json\/wp\/v2\/comments?post=154"}],"version-history":[{"count":0,"href":"https:\/\/www.colorrevelation.com\/cinvalentine\/wp-json\/wp\/v2\/pages\/154\/revisions"}],"wp:attachment":[{"href":"https:\/\/www.colorrevelation.com\/cinvalentine\/wp-json\/wp\/v2\/media?parent=154"}],"curies":[{"name":"wp","href":"https:\/\/api.w.org\/{rel}","templated":true}]}}