{"id":160,"date":"2016-06-09T20:34:29","date_gmt":"2016-06-09T20:34:29","guid":{"rendered":"http:\/\/www.colorrevelation.com\/?page_id=160"},"modified":"2016-08-26T07:57:18","modified_gmt":"2016-08-26T07:57:18","slug":"coloradd","status":"publish","type":"page","link":"https:\/\/www.colorrevelation.com\/cincanarias\/coloradd\/","title":{"rendered":"ColorADD"},"content":{"rendered":"<div class=\"page\" title=\"Page 5\">\n<div class=\"section\">\n<div class=\"layoutArea\">\n<div class=\"column\">\n<p><strong>El color es de todos<br \/>\n<\/strong>Siempre a la vanguardia del color y de la innovaci\u00f3n, CIN ha adoptado el c\u00f3digo de colores universal para dalt\u00f3nicos, el ColorADD\u00ae. . Se trata de un c\u00f3digo gr\u00e1fico monocrom\u00e1tico que permite a los dalt\u00f3nicos identificar los colores de forma r\u00e1pida y simple bas\u00e1ndose en un proceso de asociaci\u00f3n y de f\u00e1cil memorizaci\u00f3n. El c\u00f3digo se desarrolla a partir de colores primarios (azul, rojo y amarillo), representados por s\u00edmbolos gr\u00e1ficos y, comprobando un consecuente desdoblamiento de estos hacia colores secundarios. Las formas que identifican los tres colores primarios se incrementan con otras dos m\u00e1s que representan el negro y el blanco. Unidas con las de los otros colores, representan la separaci\u00f3n entre colores con tonalidades m\u00e1s claras o m\u00e1s oscuras.<\/p>\n<\/div>\n<\/div>\n<\/div>\n<\/div>\n","protected":false},"excerpt":{"rendered":"<p>El color es de todos Siempre a la vanguardia del color y de la innovaci\u00f3n, CIN ha adoptado el c\u00f3digo de colores universal para dalt\u00f3nicos, el ColorADD\u00ae. . Se trata de un c\u00f3digo gr\u00e1fico monocrom\u00e1tico que permite a los dalt\u00f3nicos identificar los colores de forma&#8230;<\/p>\n","protected":false},"author":2,"featured_media":0,"parent":0,"menu_order":2,"comment_status":"closed","ping_status":"closed","template":"","meta":{"_acf_changed":false,"footnotes":""},"class_list":["post-160","page","type-page","status-publish","hentry"],"acf":[],"yoast_head":"<!-- This site is optimized with the Yoast SEO plugin v26.8 - https:\/\/yoast.com\/product\/yoast-seo-wordpress\/ -->\n<title>ColorADD &#8211; Color Revelation - Espa\u00f1a\/Islas Canarias<\/title>\n<meta name=\"robots\" content=\"index, follow, max-snippet:-1, max-image-preview:large, max-video-preview:-1\" \/>\n<link rel=\"canonical\" href=\"https:\/\/www.colorrevelation.com\/cincanarias\/coloradd\/\" \/>\n<meta property=\"og:locale\" content=\"es_ES\" \/>\n<meta property=\"og:type\" content=\"article\" \/>\n<meta property=\"og:title\" content=\"ColorADD &#8211; Color Revelation - Espa\u00f1a\/Islas Canarias\" \/>\n<meta property=\"og:description\" content=\"El color es de todos Siempre a la vanguardia del color y de la innovaci\u00f3n, CIN ha adoptado el c\u00f3digo de colores universal para dalt\u00f3nicos, el ColorADD\u00ae. . Se trata de un c\u00f3digo gr\u00e1fico monocrom\u00e1tico que permite a los dalt\u00f3nicos identificar los colores de forma...\" \/>\n<meta property=\"og:url\" content=\"https:\/\/www.colorrevelation.com\/cincanarias\/coloradd\/\" \/>\n<meta property=\"og:site_name\" content=\"Color Revelation - Espa\u00f1a\/Islas Canarias\" \/>\n<meta property=\"article:modified_time\" content=\"2016-08-26T07:57:18+00:00\" \/>\n<meta name=\"twitter:card\" content=\"summary_large_image\" \/>\n<meta name=\"twitter:label1\" content=\"Tiempo de lectura\" \/>\n\t<meta name=\"twitter:data1\" content=\"1 minuto\" \/>\n<script type=\"application\/ld+json\" class=\"yoast-schema-graph\">{\"@context\":\"https:\/\/schema.org\",\"@graph\":[{\"@type\":\"WebPage\",\"@id\":\"https:\/\/www.colorrevelation.com\/cincanarias\/coloradd\/\",\"url\":\"https:\/\/www.colorrevelation.com\/cincanarias\/coloradd\/\",\"name\":\"ColorADD &#8211; Color Revelation - Espa\u00f1a\/Islas Canarias\",\"isPartOf\":{\"@id\":\"https:\/\/www.colorrevelation.com\/cincanarias\/#website\"},\"datePublished\":\"2016-06-09T20:34:29+00:00\",\"dateModified\":\"2016-08-26T07:57:18+00:00\",\"breadcrumb\":{\"@id\":\"https:\/\/www.colorrevelation.com\/cincanarias\/coloradd\/#breadcrumb\"},\"inLanguage\":\"es\",\"potentialAction\":[{\"@type\":\"ReadAction\",\"target\":[\"https:\/\/www.colorrevelation.com\/cincanarias\/coloradd\/\"]}]},{\"@type\":\"BreadcrumbList\",\"@id\":\"https:\/\/www.colorrevelation.com\/cincanarias\/coloradd\/#breadcrumb\",\"itemListElement\":[{\"@type\":\"ListItem\",\"position\":1,\"name\":\"Portada\",\"item\":\"https:\/\/www.colorrevelation.com\/cincanarias\/\"},{\"@type\":\"ListItem\",\"position\":2,\"name\":\"ColorADD\"}]},{\"@type\":\"WebSite\",\"@id\":\"https:\/\/www.colorrevelation.com\/cincanarias\/#website\",\"url\":\"https:\/\/www.colorrevelation.com\/cincanarias\/\",\"name\":\"Color Revelation - Espa\u00f1a\/Islas Canarias\",\"description\":\"Trends \",\"potentialAction\":[{\"@type\":\"SearchAction\",\"target\":{\"@type\":\"EntryPoint\",\"urlTemplate\":\"https:\/\/www.colorrevelation.com\/cincanarias\/?s={search_term_string}\"},\"query-input\":{\"@type\":\"PropertyValueSpecification\",\"valueRequired\":true,\"valueName\":\"search_term_string\"}}],\"inLanguage\":\"es\"}]}<\/script>\n<!-- \/ Yoast SEO plugin. -->","yoast_head_json":{"title":"ColorADD &#8211; Color Revelation - Espa\u00f1a\/Islas Canarias","robots":{"index":"index","follow":"follow","max-snippet":"max-snippet:-1","max-image-preview":"max-image-preview:large","max-video-preview":"max-video-preview:-1"},"canonical":"https:\/\/www.colorrevelation.com\/cincanarias\/coloradd\/","og_locale":"es_ES","og_type":"article","og_title":"ColorADD &#8211; Color Revelation - Espa\u00f1a\/Islas Canarias","og_description":"El color es de todos Siempre a la vanguardia del color y de la innovaci\u00f3n, CIN ha adoptado el c\u00f3digo de colores universal para dalt\u00f3nicos, el ColorADD\u00ae. . Se trata de un c\u00f3digo gr\u00e1fico monocrom\u00e1tico que permite a los dalt\u00f3nicos identificar los colores de forma...","og_url":"https:\/\/www.colorrevelation.com\/cincanarias\/coloradd\/","og_site_name":"Color Revelation - Espa\u00f1a\/Islas Canarias","article_modified_time":"2016-08-26T07:57:18+00:00","twitter_card":"summary_large_image","twitter_misc":{"Tiempo de lectura":"1 minuto"},"schema":{"@context":"https:\/\/schema.org","@graph":[{"@type":"WebPage","@id":"https:\/\/www.colorrevelation.com\/cincanarias\/coloradd\/","url":"https:\/\/www.colorrevelation.com\/cincanarias\/coloradd\/","name":"ColorADD &#8211; Color Revelation - Espa\u00f1a\/Islas Canarias","isPartOf":{"@id":"https:\/\/www.colorrevelation.com\/cincanarias\/#website"},"datePublished":"2016-06-09T20:34:29+00:00","dateModified":"2016-08-26T07:57:18+00:00","breadcrumb":{"@id":"https:\/\/www.colorrevelation.com\/cincanarias\/coloradd\/#breadcrumb"},"inLanguage":"es","potentialAction":[{"@type":"ReadAction","target":["https:\/\/www.colorrevelation.com\/cincanarias\/coloradd\/"]}]},{"@type":"BreadcrumbList","@id":"https:\/\/www.colorrevelation.com\/cincanarias\/coloradd\/#breadcrumb","itemListElement":[{"@type":"ListItem","position":1,"name":"Portada","item":"https:\/\/www.colorrevelation.com\/cincanarias\/"},{"@type":"ListItem","position":2,"name":"ColorADD"}]},{"@type":"WebSite","@id":"https:\/\/www.colorrevelation.com\/cincanarias\/#website","url":"https:\/\/www.colorrevelation.com\/cincanarias\/","name":"Color Revelation - Espa\u00f1a\/Islas Canarias","description":"Trends ","potentialAction":[{"@type":"SearchAction","target":{"@type":"EntryPoint","urlTemplate":"https:\/\/www.colorrevelation.com\/cincanarias\/?s={search_term_string}"},"query-input":{"@type":"PropertyValueSpecification","valueRequired":true,"valueName":"search_term_string"}}],"inLanguage":"es"}]}},"_links":{"self":[{"href":"https:\/\/www.colorrevelation.com\/cincanarias\/wp-json\/wp\/v2\/pages\/160","targetHints":{"allow":["GET"]}}],"collection":[{"href":"https:\/\/www.colorrevelation.com\/cincanarias\/wp-json\/wp\/v2\/pages"}],"about":[{"href":"https:\/\/www.colorrevelation.com\/cincanarias\/wp-json\/wp\/v2\/types\/page"}],"author":[{"embeddable":true,"href":"https:\/\/www.colorrevelation.com\/cincanarias\/wp-json\/wp\/v2\/users\/2"}],"replies":[{"embeddable":true,"href":"https:\/\/www.colorrevelation.com\/cincanarias\/wp-json\/wp\/v2\/comments?post=160"}],"version-history":[{"count":0,"href":"https:\/\/www.colorrevelation.com\/cincanarias\/wp-json\/wp\/v2\/pages\/160\/revisions"}],"wp:attachment":[{"href":"https:\/\/www.colorrevelation.com\/cincanarias\/wp-json\/wp\/v2\/media?parent=160"}],"curies":[{"name":"wp","href":"https:\/\/api.w.org\/{rel}","templated":true}]}}