{"id":56,"date":"2016-04-27T12:14:11","date_gmt":"2016-04-27T12:14:11","guid":{"rendered":"http:\/\/www.colorrevelation.com\/?page_id=56"},"modified":"2018-10-12T13:59:44","modified_gmt":"2018-10-12T12:59:44","slug":"conditions-generales","status":"publish","type":"page","link":"https:\/\/www.colorrevelation.com\/ch\/conditions-generales\/","title":{"rendered":"Conditions G\u00e9n\u00e9rales"},"content":{"rendered":"<p>En acc\u00e9dant au site de CIN, l&#8217;utilisateur souscrit express\u00e9ment aux conditions g\u00e9n\u00e9rales d&#8217;utilisation mentionn\u00e9es ci-dessous.<\/p>\n<p>Le site dont le nom de domaine est www.cin.com, y compris toutes ses sous-pages, est propri\u00e9t\u00e9 de CIN-Corpora\u00e7\u00e3o Industrial do Norte, S.A., au si\u00e8ge sis Av. Dom Mendo 831, Apartado 1008, Maia, au Portugal.<\/p>\n<p>Tous les contenus et les informations disponibles sur le site &#8211; y compris les photos, vid\u00e9os, textes et renseignements, logos et graphiques ou tout document qui s&#8217;y trouvent &#8211; font partie de la propri\u00e9t\u00e9 industrielle et intellectuelle de CIN ou de tiers qui ont autoris\u00e9 leur inclusion, et ils ne peuvent pas \u00eatre utilis\u00e9s en dehors des conditions admises. Sauf disposition l\u00e9gale contraire, il est express\u00e9ment interdit de copier, stocker, reproduire, modifier, transmettre, diffuser, commercialiser ou, sous toute autre forme, rendre accessible \u00e0 des tiers des informations disponibles sur ce site, sauf pour usage personnel et non commercial. L&#8217;\u00e9ventuelle utilisation d&#8217;informations, notamment si elle est autoris\u00e9e, doit toujours en mentionner la source.<\/p>\n<p>Toute tentative de modification et de chargement d&#8217;informations, ou toute autre op\u00e9ration susceptible d&#8217;endommager ou de mettre en danger le syst\u00e8me sont strictement interdites et peuvent \u00eatre punies conform\u00e9ment \u00e0 la loi en vigueur.<\/p>\n<p>CIN met \u00e0 disposition sur ce site des informations concernant la soci\u00e9t\u00e9 qu&#8217;elle souhaite pr\u00e9cises, significatives, compl\u00e8tes et actuelles. N\u00e9anmoins, CIN n&#8217;est pas en mesure de garantir l&#8217;absence d&#8217;erreurs ou d&#8217;omissions et, le cas \u00e9ch\u00e9ant, elle les corrigera d\u00e8s que celles-ci lui auront \u00e9t\u00e9 signal\u00e9es ou qu&#8217;elle en aura pris connaissance.<\/p>\n<p>Les informations mentionn\u00e9es sur ce site ne constituent pas d&#8217;offre ni de recommandation de la part de CIN; par cons\u00e9quent, toute d\u00e9cision fond\u00e9e sur celles-ci est de la responsabilit\u00e9 exclusive de leur utilisateur.<\/p>\n<p>CIN a pour but de r\u00e9duire les inconv\u00e9nients caus\u00e9s par des erreurs techniques. Toutefois, certaines donn\u00e9es ou informations mentionn\u00e9es sur ce site peuvent avoir \u00e9t\u00e9 cr\u00e9\u00e9es ou structur\u00e9es sous forme de fichiers ou de formats qui peuvent contenir des erreurs ; par cons\u00e9quent, il est impossible de garantir la non-interruption ou la non-perturbation du service \u00e0 cause de tels probl\u00e8mes. CIN d\u00e9cline toute responsabilit\u00e9 pour d&#8217;\u00e9ventuels probl\u00e8mes d\u00e9coulant de la consultation de ce site ou de tout site externe qui y est reli\u00e9.<\/p>\n<p>Le pr\u00e9sent site est r\u00e9gi par les r\u00e8glements internes et les statuts de CIN ainsi que pour la loi portugaise.<\/p>\n","protected":false},"excerpt":{"rendered":"<p>En acc\u00e9dant au site de CIN, l&#8217;utilisateur souscrit express\u00e9ment aux conditions g\u00e9n\u00e9rales d&#8217;utilisation mentionn\u00e9es ci-dessous. Le site dont le nom de domaine est www.cin.com, y compris toutes ses sous-pages, est propri\u00e9t\u00e9 de CIN-Corpora\u00e7\u00e3o Industrial do Norte, S.A., au si\u00e8ge sis Av. Dom Mendo 831, Apartado&#8230;<\/p>\n","protected":false},"author":2,"featured_media":0,"parent":0,"menu_order":7,"comment_status":"closed","ping_status":"closed","template":"legal.php","meta":{"_acf_changed":false,"footnotes":""},"class_list":["post-56","page","type-page","status-publish","hentry"],"acf":[],"yoast_head":"<!-- This site is optimized with the Yoast SEO plugin v26.8 - https:\/\/yoast.com\/product\/yoast-seo-wordpress\/ -->\n<title>Conditions G\u00e9n\u00e9rales &#8211; Color Revelation - Suisse<\/title>\n<meta name=\"robots\" content=\"index, follow, max-snippet:-1, max-image-preview:large, max-video-preview:-1\" \/>\n<link rel=\"canonical\" href=\"https:\/\/www.colorrevelation.com\/ch\/conditions-generales\/\" \/>\n<meta property=\"og:locale\" content=\"fr_FR\" \/>\n<meta property=\"og:type\" content=\"article\" \/>\n<meta property=\"og:title\" content=\"Conditions G\u00e9n\u00e9rales &#8211; Color Revelation - Suisse\" \/>\n<meta property=\"og:description\" content=\"En acc\u00e9dant au site de CIN, l&#8217;utilisateur souscrit express\u00e9ment aux conditions g\u00e9n\u00e9rales d&#8217;utilisation mentionn\u00e9es ci-dessous. Le site dont le nom de domaine est www.cin.com, y compris toutes ses sous-pages, est propri\u00e9t\u00e9 de CIN-Corpora\u00e7\u00e3o Industrial do Norte, S.A., au si\u00e8ge sis Av. Dom Mendo 831, Apartado...\" \/>\n<meta property=\"og:url\" content=\"https:\/\/www.colorrevelation.com\/ch\/conditions-generales\/\" \/>\n<meta property=\"og:site_name\" content=\"Color Revelation - Suisse\" \/>\n<meta property=\"article:modified_time\" content=\"2018-10-12T12:59:44+00:00\" \/>\n<meta name=\"twitter:card\" content=\"summary_large_image\" \/>\n<meta name=\"twitter:label1\" content=\"Est. reading time\" \/>\n\t<meta name=\"twitter:data1\" content=\"2 minutes\" \/>\n<script type=\"application\/ld+json\" class=\"yoast-schema-graph\">{\"@context\":\"https:\/\/schema.org\",\"@graph\":[{\"@type\":\"WebPage\",\"@id\":\"https:\/\/www.colorrevelation.com\/ch\/conditions-generales\/\",\"url\":\"https:\/\/www.colorrevelation.com\/ch\/conditions-generales\/\",\"name\":\"Conditions G\u00e9n\u00e9rales &#8211; Color Revelation - Suisse\",\"isPartOf\":{\"@id\":\"https:\/\/www.colorrevelation.com\/ch\/#website\"},\"datePublished\":\"2016-04-27T12:14:11+00:00\",\"dateModified\":\"2018-10-12T12:59:44+00:00\",\"breadcrumb\":{\"@id\":\"https:\/\/www.colorrevelation.com\/ch\/conditions-generales\/#breadcrumb\"},\"inLanguage\":\"fr-FR\",\"potentialAction\":[{\"@type\":\"ReadAction\",\"target\":[\"https:\/\/www.colorrevelation.com\/ch\/conditions-generales\/\"]}]},{\"@type\":\"BreadcrumbList\",\"@id\":\"https:\/\/www.colorrevelation.com\/ch\/conditions-generales\/#breadcrumb\",\"itemListElement\":[{\"@type\":\"ListItem\",\"position\":1,\"name\":\"Portada\",\"item\":\"https:\/\/www.colorrevelation.com\/ch\/\"},{\"@type\":\"ListItem\",\"position\":2,\"name\":\"Conditions G\u00e9n\u00e9rales\"}]},{\"@type\":\"WebSite\",\"@id\":\"https:\/\/www.colorrevelation.com\/ch\/#website\",\"url\":\"https:\/\/www.colorrevelation.com\/ch\/\",\"name\":\"Color Revelation - Suisse\",\"description\":\"Trends \",\"potentialAction\":[{\"@type\":\"SearchAction\",\"target\":{\"@type\":\"EntryPoint\",\"urlTemplate\":\"https:\/\/www.colorrevelation.com\/ch\/?s={search_term_string}\"},\"query-input\":{\"@type\":\"PropertyValueSpecification\",\"valueRequired\":true,\"valueName\":\"search_term_string\"}}],\"inLanguage\":\"fr-FR\"}]}<\/script>\n<!-- \/ Yoast SEO plugin. -->","yoast_head_json":{"title":"Conditions G\u00e9n\u00e9rales &#8211; Color Revelation - Suisse","robots":{"index":"index","follow":"follow","max-snippet":"max-snippet:-1","max-image-preview":"max-image-preview:large","max-video-preview":"max-video-preview:-1"},"canonical":"https:\/\/www.colorrevelation.com\/ch\/conditions-generales\/","og_locale":"fr_FR","og_type":"article","og_title":"Conditions G\u00e9n\u00e9rales &#8211; Color Revelation - Suisse","og_description":"En acc\u00e9dant au site de CIN, l&#8217;utilisateur souscrit express\u00e9ment aux conditions g\u00e9n\u00e9rales d&#8217;utilisation mentionn\u00e9es ci-dessous. Le site dont le nom de domaine est www.cin.com, y compris toutes ses sous-pages, est propri\u00e9t\u00e9 de CIN-Corpora\u00e7\u00e3o Industrial do Norte, S.A., au si\u00e8ge sis Av. Dom Mendo 831, Apartado...","og_url":"https:\/\/www.colorrevelation.com\/ch\/conditions-generales\/","og_site_name":"Color Revelation - Suisse","article_modified_time":"2018-10-12T12:59:44+00:00","twitter_card":"summary_large_image","twitter_misc":{"Est. reading time":"2 minutes"},"schema":{"@context":"https:\/\/schema.org","@graph":[{"@type":"WebPage","@id":"https:\/\/www.colorrevelation.com\/ch\/conditions-generales\/","url":"https:\/\/www.colorrevelation.com\/ch\/conditions-generales\/","name":"Conditions G\u00e9n\u00e9rales &#8211; Color Revelation - Suisse","isPartOf":{"@id":"https:\/\/www.colorrevelation.com\/ch\/#website"},"datePublished":"2016-04-27T12:14:11+00:00","dateModified":"2018-10-12T12:59:44+00:00","breadcrumb":{"@id":"https:\/\/www.colorrevelation.com\/ch\/conditions-generales\/#breadcrumb"},"inLanguage":"fr-FR","potentialAction":[{"@type":"ReadAction","target":["https:\/\/www.colorrevelation.com\/ch\/conditions-generales\/"]}]},{"@type":"BreadcrumbList","@id":"https:\/\/www.colorrevelation.com\/ch\/conditions-generales\/#breadcrumb","itemListElement":[{"@type":"ListItem","position":1,"name":"Portada","item":"https:\/\/www.colorrevelation.com\/ch\/"},{"@type":"ListItem","position":2,"name":"Conditions G\u00e9n\u00e9rales"}]},{"@type":"WebSite","@id":"https:\/\/www.colorrevelation.com\/ch\/#website","url":"https:\/\/www.colorrevelation.com\/ch\/","name":"Color Revelation - Suisse","description":"Trends ","potentialAction":[{"@type":"SearchAction","target":{"@type":"EntryPoint","urlTemplate":"https:\/\/www.colorrevelation.com\/ch\/?s={search_term_string}"},"query-input":{"@type":"PropertyValueSpecification","valueRequired":true,"valueName":"search_term_string"}}],"inLanguage":"fr-FR"}]}},"_links":{"self":[{"href":"https:\/\/www.colorrevelation.com\/ch\/wp-json\/wp\/v2\/pages\/56","targetHints":{"allow":["GET"]}}],"collection":[{"href":"https:\/\/www.colorrevelation.com\/ch\/wp-json\/wp\/v2\/pages"}],"about":[{"href":"https:\/\/www.colorrevelation.com\/ch\/wp-json\/wp\/v2\/types\/page"}],"author":[{"embeddable":true,"href":"https:\/\/www.colorrevelation.com\/ch\/wp-json\/wp\/v2\/users\/2"}],"replies":[{"embeddable":true,"href":"https:\/\/www.colorrevelation.com\/ch\/wp-json\/wp\/v2\/comments?post=56"}],"version-history":[{"count":0,"href":"https:\/\/www.colorrevelation.com\/ch\/wp-json\/wp\/v2\/pages\/56\/revisions"}],"wp:attachment":[{"href":"https:\/\/www.colorrevelation.com\/ch\/wp-json\/wp\/v2\/media?parent=56"}],"curies":[{"name":"wp","href":"https:\/\/api.w.org\/{rel}","templated":true}]}}