{"id":141,"date":"2016-06-08T14:56:41","date_gmt":"2016-06-08T14:56:41","guid":{"rendered":"http:\/\/www.colorrevelation.com\/?page_id=141"},"modified":"2023-01-17T12:58:33","modified_gmt":"2023-01-17T12:58:33","slug":"contact","status":"publish","type":"page","link":"https:\/\/www.colorrevelation.com\/be\/contact\/","title":{"rendered":"Contact"},"content":{"rendered":"<div class=\"page\" title=\"Page 7\">\n<div class=\"section\">\n<div class=\"layoutArea\">\n<div class=\"column\">\n<p>Nous mettons \u00e0 votre disposition une \u00e9quipe sp\u00e9cialis\u00e9e pour r\u00e9pondre \u00e0 toutes vos questions en fonction de vos besoins. Le traitement de votre demande sera transmis et suivi jusqu\u2019\u00e0 sa r\u00e9solution d\u00e9finitive par le service client CIN.<br \/>\n<strong>Vous pouvez nous contacter en remplissant le formulaire en ligne, en appelant notre num\u00e9ro de t\u00e9l\u00e9phone ou en nous envoyant un message \u00e9lectronique.<\/strong><\/p>\n<\/div>\n<\/div>\n<\/div>\n<\/div>\n","protected":false},"excerpt":{"rendered":"<p>Nous mettons \u00e0 votre disposition une \u00e9quipe sp\u00e9cialis\u00e9e pour r\u00e9pondre \u00e0 toutes vos questions en fonction de vos besoins. Le traitement de votre demande sera transmis et suivi jusqu\u2019\u00e0 sa r\u00e9solution d\u00e9finitive par le service client CIN. Vous pouvez nous contacter en remplissant le formulaire&#8230;<\/p>\n","protected":false},"author":2,"featured_media":0,"parent":0,"menu_order":4,"comment_status":"closed","ping_status":"closed","template":"contact.php","meta":{"_acf_changed":false,"footnotes":""},"class_list":["post-141","page","type-page","status-publish","hentry"],"acf":[],"yoast_head":"<!-- This site is optimized with the Yoast SEO plugin v26.8 - https:\/\/yoast.com\/product\/yoast-seo-wordpress\/ -->\n<title>Contact &#8211; Color Revelation - Belgique<\/title>\n<meta name=\"robots\" content=\"index, follow, max-snippet:-1, max-image-preview:large, max-video-preview:-1\" \/>\n<link rel=\"canonical\" href=\"https:\/\/www.colorrevelation.com\/be\/contact\/\" \/>\n<meta property=\"og:locale\" content=\"fr_FR\" \/>\n<meta property=\"og:type\" content=\"article\" \/>\n<meta property=\"og:title\" content=\"Contact &#8211; Color Revelation - Belgique\" \/>\n<meta property=\"og:description\" content=\"Nous mettons \u00e0 votre disposition une \u00e9quipe sp\u00e9cialis\u00e9e pour r\u00e9pondre \u00e0 toutes vos questions en fonction de vos besoins. Le traitement de votre demande sera transmis et suivi jusqu\u2019\u00e0 sa r\u00e9solution d\u00e9finitive par le service client CIN. Vous pouvez nous contacter en remplissant le formulaire...\" \/>\n<meta property=\"og:url\" content=\"https:\/\/www.colorrevelation.com\/be\/contact\/\" \/>\n<meta property=\"og:site_name\" content=\"Color Revelation - Belgique\" \/>\n<meta property=\"article:modified_time\" content=\"2023-01-17T12:58:33+00:00\" \/>\n<meta name=\"twitter:card\" content=\"summary_large_image\" \/>\n<meta name=\"twitter:label1\" content=\"Est. reading time\" \/>\n\t<meta name=\"twitter:data1\" content=\"1 minute\" \/>\n<script type=\"application\/ld+json\" class=\"yoast-schema-graph\">{\"@context\":\"https:\/\/schema.org\",\"@graph\":[{\"@type\":\"WebPage\",\"@id\":\"https:\/\/www.colorrevelation.com\/be\/contact\/\",\"url\":\"https:\/\/www.colorrevelation.com\/be\/contact\/\",\"name\":\"Contact &#8211; Color Revelation - Belgique\",\"isPartOf\":{\"@id\":\"https:\/\/www.colorrevelation.com\/be\/#website\"},\"datePublished\":\"2016-06-08T14:56:41+00:00\",\"dateModified\":\"2023-01-17T12:58:33+00:00\",\"breadcrumb\":{\"@id\":\"https:\/\/www.colorrevelation.com\/be\/contact\/#breadcrumb\"},\"inLanguage\":\"fr-FR\",\"potentialAction\":[{\"@type\":\"ReadAction\",\"target\":[\"https:\/\/www.colorrevelation.com\/be\/contact\/\"]}]},{\"@type\":\"BreadcrumbList\",\"@id\":\"https:\/\/www.colorrevelation.com\/be\/contact\/#breadcrumb\",\"itemListElement\":[{\"@type\":\"ListItem\",\"position\":1,\"name\":\"Portada\",\"item\":\"https:\/\/www.colorrevelation.com\/be\/\"},{\"@type\":\"ListItem\",\"position\":2,\"name\":\"Contact\"}]},{\"@type\":\"WebSite\",\"@id\":\"https:\/\/www.colorrevelation.com\/be\/#website\",\"url\":\"https:\/\/www.colorrevelation.com\/be\/\",\"name\":\"Color Revelation - Belgique\",\"description\":\"Trends\",\"potentialAction\":[{\"@type\":\"SearchAction\",\"target\":{\"@type\":\"EntryPoint\",\"urlTemplate\":\"https:\/\/www.colorrevelation.com\/be\/?s={search_term_string}\"},\"query-input\":{\"@type\":\"PropertyValueSpecification\",\"valueRequired\":true,\"valueName\":\"search_term_string\"}}],\"inLanguage\":\"fr-FR\"}]}<\/script>\n<!-- \/ Yoast SEO plugin. -->","yoast_head_json":{"title":"Contact &#8211; Color Revelation - Belgique","robots":{"index":"index","follow":"follow","max-snippet":"max-snippet:-1","max-image-preview":"max-image-preview:large","max-video-preview":"max-video-preview:-1"},"canonical":"https:\/\/www.colorrevelation.com\/be\/contact\/","og_locale":"fr_FR","og_type":"article","og_title":"Contact &#8211; Color Revelation - Belgique","og_description":"Nous mettons \u00e0 votre disposition une \u00e9quipe sp\u00e9cialis\u00e9e pour r\u00e9pondre \u00e0 toutes vos questions en fonction de vos besoins. Le traitement de votre demande sera transmis et suivi jusqu\u2019\u00e0 sa r\u00e9solution d\u00e9finitive par le service client CIN. Vous pouvez nous contacter en remplissant le formulaire...","og_url":"https:\/\/www.colorrevelation.com\/be\/contact\/","og_site_name":"Color Revelation - Belgique","article_modified_time":"2023-01-17T12:58:33+00:00","twitter_card":"summary_large_image","twitter_misc":{"Est. reading time":"1 minute"},"schema":{"@context":"https:\/\/schema.org","@graph":[{"@type":"WebPage","@id":"https:\/\/www.colorrevelation.com\/be\/contact\/","url":"https:\/\/www.colorrevelation.com\/be\/contact\/","name":"Contact &#8211; Color Revelation - Belgique","isPartOf":{"@id":"https:\/\/www.colorrevelation.com\/be\/#website"},"datePublished":"2016-06-08T14:56:41+00:00","dateModified":"2023-01-17T12:58:33+00:00","breadcrumb":{"@id":"https:\/\/www.colorrevelation.com\/be\/contact\/#breadcrumb"},"inLanguage":"fr-FR","potentialAction":[{"@type":"ReadAction","target":["https:\/\/www.colorrevelation.com\/be\/contact\/"]}]},{"@type":"BreadcrumbList","@id":"https:\/\/www.colorrevelation.com\/be\/contact\/#breadcrumb","itemListElement":[{"@type":"ListItem","position":1,"name":"Portada","item":"https:\/\/www.colorrevelation.com\/be\/"},{"@type":"ListItem","position":2,"name":"Contact"}]},{"@type":"WebSite","@id":"https:\/\/www.colorrevelation.com\/be\/#website","url":"https:\/\/www.colorrevelation.com\/be\/","name":"Color Revelation - Belgique","description":"Trends","potentialAction":[{"@type":"SearchAction","target":{"@type":"EntryPoint","urlTemplate":"https:\/\/www.colorrevelation.com\/be\/?s={search_term_string}"},"query-input":{"@type":"PropertyValueSpecification","valueRequired":true,"valueName":"search_term_string"}}],"inLanguage":"fr-FR"}]}},"_links":{"self":[{"href":"https:\/\/www.colorrevelation.com\/be\/wp-json\/wp\/v2\/pages\/141","targetHints":{"allow":["GET"]}}],"collection":[{"href":"https:\/\/www.colorrevelation.com\/be\/wp-json\/wp\/v2\/pages"}],"about":[{"href":"https:\/\/www.colorrevelation.com\/be\/wp-json\/wp\/v2\/types\/page"}],"author":[{"embeddable":true,"href":"https:\/\/www.colorrevelation.com\/be\/wp-json\/wp\/v2\/users\/2"}],"replies":[{"embeddable":true,"href":"https:\/\/www.colorrevelation.com\/be\/wp-json\/wp\/v2\/comments?post=141"}],"version-history":[{"count":2,"href":"https:\/\/www.colorrevelation.com\/be\/wp-json\/wp\/v2\/pages\/141\/revisions"}],"predecessor-version":[{"id":1143,"href":"https:\/\/www.colorrevelation.com\/be\/wp-json\/wp\/v2\/pages\/141\/revisions\/1143"}],"wp:attachment":[{"href":"https:\/\/www.colorrevelation.com\/be\/wp-json\/wp\/v2\/media?parent=141"}],"curies":[{"name":"wp","href":"https:\/\/api.w.org\/{rel}","templated":true}]}}