{"id":160,"date":"2016-06-09T20:34:29","date_gmt":"2016-06-09T20:34:29","guid":{"rendered":"http:\/\/www.colorrevelation.com\/?page_id=160"},"modified":"2016-08-23T09:18:39","modified_gmt":"2016-08-23T09:18:39","slug":"coloradd","status":"publish","type":"page","link":"https:\/\/www.colorrevelation.com\/autres-pays\/coloradd\/","title":{"rendered":"ColorADD"},"content":{"rendered":"<div class=\"page\" title=\"Page 5\">\n<div class=\"section\">\n<div class=\"layoutArea\">\n<div class=\"column\">\n<p><strong>La couleur pour tous<br \/>\n<\/strong>CIN, pionni\u00e8re en mati\u00e8re de couleur et d\u2019innovation, a adopt\u00e9 le code universel des couleurs pour daltoniens, le ColorADD\u00ae. Il s\u2019agit d\u2019un code graphique monochromatique qui permet aux daltoniens d\u2019identifier les couleurs de fa\u00e7on ais\u00e9e et rapide gr\u00e2ce \u00e0 un processus d\u2019association logique et de m\u00e9morisation facile. Le code est d\u00e9velopp\u00e9 \u00e0 partir des couleurs primaires (bleu, rouge et jaune), repr\u00e9sent\u00e9es par des symboles graphiques. Elles sont ensuite d\u00e9ploy\u00e9es en couleurs secondaires. Deux formes, repr\u00e9sentant le noir et le blanc, sont ajout\u00e9es aux formes qui correspondent aux trois couleurs primaires. Combin\u00e9es avec les autres couleurs, elles repr\u00e9sentent le d\u00e9ploiement de couleurs pr\u00e9sentant des tonalit\u00e9s plus claires ou plus fonc\u00e9es. s.<\/p>\n<\/div>\n<\/div>\n<\/div>\n<\/div>\n","protected":false},"excerpt":{"rendered":"<p>La couleur pour tous CIN, pionni\u00e8re en mati\u00e8re de couleur et d\u2019innovation, a adopt\u00e9 le code universel des couleurs pour daltoniens, le ColorADD\u00ae. Il s\u2019agit d\u2019un code graphique monochromatique qui permet aux daltoniens d\u2019identifier les couleurs de fa\u00e7on ais\u00e9e et rapide gr\u00e2ce \u00e0 un processus&#8230;<\/p>\n","protected":false},"author":2,"featured_media":0,"parent":0,"menu_order":2,"comment_status":"closed","ping_status":"closed","template":"","meta":{"_acf_changed":false,"footnotes":""},"class_list":["post-160","page","type-page","status-publish","hentry"],"acf":[],"yoast_head":"<!-- This site is optimized with the Yoast SEO plugin v26.8 - https:\/\/yoast.com\/product\/yoast-seo-wordpress\/ -->\n<title>ColorADD &#8211; Color Revelation - Autres Pays<\/title>\n<meta name=\"robots\" content=\"index, follow, max-snippet:-1, max-image-preview:large, max-video-preview:-1\" \/>\n<link rel=\"canonical\" href=\"https:\/\/www.colorrevelation.com\/autres-pays\/coloradd\/\" \/>\n<meta property=\"og:locale\" content=\"fr_FR\" \/>\n<meta property=\"og:type\" content=\"article\" \/>\n<meta property=\"og:title\" content=\"ColorADD &#8211; Color Revelation - Autres Pays\" \/>\n<meta property=\"og:description\" content=\"La couleur pour tous CIN, pionni\u00e8re en mati\u00e8re de couleur et d\u2019innovation, a adopt\u00e9 le code universel des couleurs pour daltoniens, le ColorADD\u00ae. Il s\u2019agit d\u2019un code graphique monochromatique qui permet aux daltoniens d\u2019identifier les couleurs de fa\u00e7on ais\u00e9e et rapide gr\u00e2ce \u00e0 un processus...\" \/>\n<meta property=\"og:url\" content=\"https:\/\/www.colorrevelation.com\/autres-pays\/coloradd\/\" \/>\n<meta property=\"og:site_name\" content=\"Color Revelation - Autres Pays\" \/>\n<meta property=\"article:modified_time\" content=\"2016-08-23T09:18:39+00:00\" \/>\n<meta name=\"twitter:card\" content=\"summary_large_image\" \/>\n<meta name=\"twitter:label1\" content=\"Est. reading time\" \/>\n\t<meta name=\"twitter:data1\" content=\"1 minute\" \/>\n<script type=\"application\/ld+json\" class=\"yoast-schema-graph\">{\"@context\":\"https:\/\/schema.org\",\"@graph\":[{\"@type\":\"WebPage\",\"@id\":\"https:\/\/www.colorrevelation.com\/autres-pays\/coloradd\/\",\"url\":\"https:\/\/www.colorrevelation.com\/autres-pays\/coloradd\/\",\"name\":\"ColorADD &#8211; Color Revelation - Autres Pays\",\"isPartOf\":{\"@id\":\"https:\/\/www.colorrevelation.com\/autres-pays\/#website\"},\"datePublished\":\"2016-06-09T20:34:29+00:00\",\"dateModified\":\"2016-08-23T09:18:39+00:00\",\"breadcrumb\":{\"@id\":\"https:\/\/www.colorrevelation.com\/autres-pays\/coloradd\/#breadcrumb\"},\"inLanguage\":\"fr-FR\",\"potentialAction\":[{\"@type\":\"ReadAction\",\"target\":[\"https:\/\/www.colorrevelation.com\/autres-pays\/coloradd\/\"]}]},{\"@type\":\"BreadcrumbList\",\"@id\":\"https:\/\/www.colorrevelation.com\/autres-pays\/coloradd\/#breadcrumb\",\"itemListElement\":[{\"@type\":\"ListItem\",\"position\":1,\"name\":\"Portada\",\"item\":\"https:\/\/www.colorrevelation.com\/autres-pays\/\"},{\"@type\":\"ListItem\",\"position\":2,\"name\":\"ColorADD\"}]},{\"@type\":\"WebSite\",\"@id\":\"https:\/\/www.colorrevelation.com\/autres-pays\/#website\",\"url\":\"https:\/\/www.colorrevelation.com\/autres-pays\/\",\"name\":\"Color Revelation - Autres Pays\",\"description\":\"Trends\",\"potentialAction\":[{\"@type\":\"SearchAction\",\"target\":{\"@type\":\"EntryPoint\",\"urlTemplate\":\"https:\/\/www.colorrevelation.com\/autres-pays\/?s={search_term_string}\"},\"query-input\":{\"@type\":\"PropertyValueSpecification\",\"valueRequired\":true,\"valueName\":\"search_term_string\"}}],\"inLanguage\":\"fr-FR\"}]}<\/script>\n<!-- \/ Yoast SEO plugin. -->","yoast_head_json":{"title":"ColorADD &#8211; Color Revelation - Autres Pays","robots":{"index":"index","follow":"follow","max-snippet":"max-snippet:-1","max-image-preview":"max-image-preview:large","max-video-preview":"max-video-preview:-1"},"canonical":"https:\/\/www.colorrevelation.com\/autres-pays\/coloradd\/","og_locale":"fr_FR","og_type":"article","og_title":"ColorADD &#8211; Color Revelation - Autres Pays","og_description":"La couleur pour tous CIN, pionni\u00e8re en mati\u00e8re de couleur et d\u2019innovation, a adopt\u00e9 le code universel des couleurs pour daltoniens, le ColorADD\u00ae. Il s\u2019agit d\u2019un code graphique monochromatique qui permet aux daltoniens d\u2019identifier les couleurs de fa\u00e7on ais\u00e9e et rapide gr\u00e2ce \u00e0 un processus...","og_url":"https:\/\/www.colorrevelation.com\/autres-pays\/coloradd\/","og_site_name":"Color Revelation - Autres Pays","article_modified_time":"2016-08-23T09:18:39+00:00","twitter_card":"summary_large_image","twitter_misc":{"Est. reading time":"1 minute"},"schema":{"@context":"https:\/\/schema.org","@graph":[{"@type":"WebPage","@id":"https:\/\/www.colorrevelation.com\/autres-pays\/coloradd\/","url":"https:\/\/www.colorrevelation.com\/autres-pays\/coloradd\/","name":"ColorADD &#8211; Color Revelation - Autres Pays","isPartOf":{"@id":"https:\/\/www.colorrevelation.com\/autres-pays\/#website"},"datePublished":"2016-06-09T20:34:29+00:00","dateModified":"2016-08-23T09:18:39+00:00","breadcrumb":{"@id":"https:\/\/www.colorrevelation.com\/autres-pays\/coloradd\/#breadcrumb"},"inLanguage":"fr-FR","potentialAction":[{"@type":"ReadAction","target":["https:\/\/www.colorrevelation.com\/autres-pays\/coloradd\/"]}]},{"@type":"BreadcrumbList","@id":"https:\/\/www.colorrevelation.com\/autres-pays\/coloradd\/#breadcrumb","itemListElement":[{"@type":"ListItem","position":1,"name":"Portada","item":"https:\/\/www.colorrevelation.com\/autres-pays\/"},{"@type":"ListItem","position":2,"name":"ColorADD"}]},{"@type":"WebSite","@id":"https:\/\/www.colorrevelation.com\/autres-pays\/#website","url":"https:\/\/www.colorrevelation.com\/autres-pays\/","name":"Color Revelation - Autres Pays","description":"Trends","potentialAction":[{"@type":"SearchAction","target":{"@type":"EntryPoint","urlTemplate":"https:\/\/www.colorrevelation.com\/autres-pays\/?s={search_term_string}"},"query-input":{"@type":"PropertyValueSpecification","valueRequired":true,"valueName":"search_term_string"}}],"inLanguage":"fr-FR"}]}},"_links":{"self":[{"href":"https:\/\/www.colorrevelation.com\/autres-pays\/wp-json\/wp\/v2\/pages\/160","targetHints":{"allow":["GET"]}}],"collection":[{"href":"https:\/\/www.colorrevelation.com\/autres-pays\/wp-json\/wp\/v2\/pages"}],"about":[{"href":"https:\/\/www.colorrevelation.com\/autres-pays\/wp-json\/wp\/v2\/types\/page"}],"author":[{"embeddable":true,"href":"https:\/\/www.colorrevelation.com\/autres-pays\/wp-json\/wp\/v2\/users\/2"}],"replies":[{"embeddable":true,"href":"https:\/\/www.colorrevelation.com\/autres-pays\/wp-json\/wp\/v2\/comments?post=160"}],"version-history":[{"count":0,"href":"https:\/\/www.colorrevelation.com\/autres-pays\/wp-json\/wp\/v2\/pages\/160\/revisions"}],"wp:attachment":[{"href":"https:\/\/www.colorrevelation.com\/autres-pays\/wp-json\/wp\/v2\/media?parent=160"}],"curies":[{"name":"wp","href":"https:\/\/api.w.org\/{rel}","templated":true}]}}